{"id":1162,"date":"2023-02-25T13:22:06","date_gmt":"2023-02-25T12:22:06","guid":{"rendered":"https:\/\/www.reinedescils-k.fr\/?post_type=product&#038;p=1162"},"modified":"2025-11-26T20:22:51","modified_gmt":"2025-11-26T19:22:51","slug":"formation-blanchiment-dentaire-kit-a-distance","status":"publish","type":"product","link":"https:\/\/www.reinedescils-k.fr\/index.php\/produit\/formation-blanchiment-dentaire-kit-a-distance\/","title":{"rendered":"Formation blanchiment dentaire  + kit inclus ( \u00e0 distance)"},"content":{"rendered":"<p><strong><\/strong><\/p>\n<p><strong>Formation en ligne \u2013 Blanchiment Dentaire Cosm\u00e9tique<\/strong><\/p>\n<p><strong>Devenez pro du blanchiment dentaire depuis chez vous !<\/strong><\/p>\n<p><strong>Apprenez toutes les techniques cosm\u00e9tiques professionnelles gr\u00e2ce \u00e0 une formation 100 % en ligne, accompagn\u00e9e d\u2019un kit complet (lampe non incluse) et d\u2019un livret PDF ultra d\u00e9taill\u00e9 de 36 pages.<\/strong><\/p>\n<p><strong><\/strong><\/p>\n<p><strong>Ce que vous allez apprendre : <\/strong><\/p>\n<p><strong><\/strong><\/p>\n<p><strong>Science des dents et types de taches<\/strong><\/p>\n<p><strong>Produits et gels adapt\u00e9s<\/strong><\/p>\n<p><strong>M\u00e9thodes \u00e9tape par \u00e9tape pour un blanchiment s\u00fbr et efficace<\/strong><\/p>\n<p><strong>Conseils pratiques, assainissement et suivi client<\/strong><\/p>\n<p><strong>R\u00e9glementations UE &amp; Canada, normes et pr\u00e9cautions<\/strong><\/p>\n<p><strong><\/strong><\/p>\n<p><strong>Comment \u00e7a fonctionne ?<\/strong><\/p>\n<p><strong>Apprenez \u00e0 votre rythme : acc\u00e9dez aux vid\u00e9os et au livret \u00e0 tout moment, autant de fois que n\u00e9cessaire.<\/strong><\/p>\n<p><strong>Validation pratique et th\u00e9orique : questionnaire + photos avant\/apr\u00e8s de 2 mod\u00e8les envoy\u00e9es \u00e0 Kim pour valider vos acquis.<\/strong><\/p>\n<p><strong>Recevez votre attestation imprimable d\u00e8s que vous r\u00e9ussissez la formation.<\/strong><\/p>\n<p><strong><\/strong><\/p>\n<p><strong>Pourquoi cette formation ?<\/strong><\/p>\n<p><strong><\/strong><\/p>\n<p><strong>Formation compl\u00e8te cl\u00e9 en main avec kit et tutoriels pas \u00e0 pas <\/strong><\/p>\n<p><strong>Con\u00e7ue pour des prestations professionnelles dans le respect de la loi<\/strong><\/p>\n<p><strong>Support et suivi par Kim, formatrice experte via watsapp pour vos questions . <\/strong><\/p>\n<p><strong><\/strong><\/p>\n<p><strong>Important : <\/strong><\/p>\n<p><strong>Non remboursable ni \u00e9changeable<\/strong><\/p>\n<p><strong>Contenu prot\u00e9g\u00e9 par droits d\u2019auteur<\/strong><\/p>\n<p><strong>Techniques cosm\u00e9tiques conformes au seuil l\u00e9gal de peroxyde d\u2019hydrog\u00e8ne<\/strong><\/p>\n<p><strong>KIM BEAUTY d\u00e9cline toute responsabilit\u00e9 en cas d\u2019utilisation non conforme ou abusive<\/strong><\/p>\n<p><strong><\/strong><\/p>\n","protected":false},"excerpt":{"rendered":"<p>Formation en ligne \u2013 Blanchiment Dentaire Cosm\u00e9tique Devenez pro du blanchiment dentaire depuis chez vous ! Apprenez toutes les techniques cosm\u00e9tiques professionnelles gr\u00e2ce \u00e0 une formation 100 % en ligne, accompagn\u00e9e d\u2019un kit complet (lampe non incluse) et d\u2019un livret PDF ultra d\u00e9taill\u00e9 de 36 pages. Ce que vous allez apprendre : Science des dents [&hellip;]<\/p>\n","protected":false},"featured_media":1344,"template":"","meta":{"site-sidebar-layout":"default","site-content-layout":"default","ast-site-content-layout":"default","site-content-style":"default","site-sidebar-style":"default","ast-global-header-display":"","ast-banner-title-visibility":"","ast-main-header-display":"","ast-hfb-above-header-display":"","ast-hfb-below-header-display":"","ast-hfb-mobile-header-display":"","site-post-title":"","ast-breadcrumbs-content":"","ast-featured-img":"","footer-sml-layout":"","theme-transparent-header-meta":"default","adv-header-id-meta":"","stick-header-meta":"","header-above-stick-meta":"","header-main-stick-meta":"","header-below-stick-meta":"","astra-migrate-meta-layouts":"set","ast-page-background-enabled":"default","ast-page-background-meta":{"desktop":{"background-color":"var(--ast-global-color-4)","background-image":"","background-repeat":"repeat","background-position":"center center","background-size":"auto","background-attachment":"scroll","background-type":"","background-media":"","overlay-type":"","overlay-color":"","overlay-opacity":"","overlay-gradient":""},"tablet":{"background-color":"","background-image":"","background-repeat":"repeat","background-position":"center center","background-size":"auto","background-attachment":"scroll","background-type":"","background-media":"","overlay-type":"","overlay-color":"","overlay-opacity":"","overlay-gradient":""},"mobile":{"background-color":"","background-image":"","background-repeat":"repeat","background-position":"center center","background-size":"auto","background-attachment":"scroll","background-type":"","background-media":"","overlay-type":"","overlay-color":"","overlay-opacity":"","overlay-gradient":""}},"ast-content-background-meta":{"desktop":{"background-color":"var(--ast-global-color-5)","background-image":"","background-repeat":"repeat","background-position":"center center","background-size":"auto","background-attachment":"scroll","background-type":"","background-media":"","overlay-type":"","overlay-color":"","overlay-opacity":"","overlay-gradient":""},"tablet":{"background-color":"var(--ast-global-color-5)","background-image":"","background-repeat":"repeat","background-position":"center center","background-size":"auto","background-attachment":"scroll","background-type":"","background-media":"","overlay-type":"","overlay-color":"","overlay-opacity":"","overlay-gradient":""},"mobile":{"background-color":"var(--ast-global-color-5)","background-image":"","background-repeat":"repeat","background-position":"center center","background-size":"auto","background-attachment":"scroll","background-type":"","background-media":"","overlay-type":"","overlay-color":"","overlay-opacity":"","overlay-gradient":""}}},"product_brand":[],"product_cat":[26],"product_tag":[],"class_list":{"0":"post-1162","1":"product","2":"type-product","3":"status-publish","4":"has-post-thumbnail","6":"product_cat-formation-a-distance","7":"desktop-align-left","8":"tablet-align-left","9":"mobile-align-left","11":"first","12":"instock","13":"sale","14":"taxable","15":"shipping-taxable","16":"purchasable","17":"product-type-simple"},"_links":{"self":[{"href":"https:\/\/www.reinedescils-k.fr\/index.php\/wp-json\/wp\/v2\/product\/1162","targetHints":{"allow":["GET"]}}],"collection":[{"href":"https:\/\/www.reinedescils-k.fr\/index.php\/wp-json\/wp\/v2\/product"}],"about":[{"href":"https:\/\/www.reinedescils-k.fr\/index.php\/wp-json\/wp\/v2\/types\/product"}],"wp:featuredmedia":[{"embeddable":true,"href":"https:\/\/www.reinedescils-k.fr\/index.php\/wp-json\/wp\/v2\/media\/1344"}],"wp:attachment":[{"href":"https:\/\/www.reinedescils-k.fr\/index.php\/wp-json\/wp\/v2\/media?parent=1162"}],"wp:term":[{"taxonomy":"product_brand","embeddable":true,"href":"https:\/\/www.reinedescils-k.fr\/index.php\/wp-json\/wp\/v2\/product_brand?post=1162"},{"taxonomy":"product_cat","embeddable":true,"href":"https:\/\/www.reinedescils-k.fr\/index.php\/wp-json\/wp\/v2\/product_cat?post=1162"},{"taxonomy":"product_tag","embeddable":true,"href":"https:\/\/www.reinedescils-k.fr\/index.php\/wp-json\/wp\/v2\/product_tag?post=1162"}],"curies":[{"name":"wp","href":"https:\/\/api.w.org\/{rel}","templated":true}]}}