{"id":1535,"date":"2023-12-01T18:51:14","date_gmt":"2023-12-01T17:51:14","guid":{"rendered":"https:\/\/www.reinedescils-k.fr\/?post_type=product&#038;p=1535"},"modified":"2025-11-12T17:20:47","modified_gmt":"2025-11-12T16:20:47","slug":"8-pack-2-en-1-formation-brows-lift-structuration-teinture-rehaussement-de-cils-avec-kit","status":"publish","type":"product","link":"https:\/\/www.reinedescils-k.fr\/index.php\/produit\/8-pack-2-en-1-formation-brows-lift-structuration-teinture-rehaussement-de-cils-avec-kit\/","title":{"rendered":"Pack 3 en 1 brows lift et teinture hybride avec structuration des sourcils + Lash lift teinture + kit inclus (1 jour sur place)"},"content":{"rendered":"<p class=\"p1\"><strong><span class=\"s1\">Le pack Brows lift et rehaussement de cils pour ma\u00eetriser les deux techniques <\/span><span class=\"s2\">ainsi <\/span>que<span class=\"s2\"> mapping et la structuration des sourcils<\/span><\/strong><span class=\"s2\">\ud83d\udda4<\/span><\/p>\n<p><strong>Dans la mesure du possible nous vous demandons de trouver une ou deux mod\u00e8les pour cette formation. <\/strong><\/p>\n<p>&nbsp;<\/p>\n<p><strong style=\"font-weight: bold\">Ce que vous allez apprendre :<span class=\"Apple-converted-space\">\u00a0<\/span><\/strong><\/p>\n<p><strong style=\"font-weight: bold\">\u2013 le mapping des sourcils<span class=\"Apple-converted-space\">\u00a0<\/span><\/strong><\/p>\n<p><strong style=\"font-weight: bold\">\u2013 la structuration des sourcils<span class=\"Apple-converted-space\">\u00a0<\/span><\/strong><\/p>\n<p><strong style=\"font-weight: bold\">\u2013 teinture des cils et des sourcils<span class=\"Apple-converted-space\">\u00a0<\/span><\/strong><\/p>\n<p><strong style=\"font-weight: bold\">\u2013 proc\u00e9dure du Lash lift<span class=\"Apple-converted-space\">\u00a0<\/span><\/strong><\/p>\n<p><strong style=\"font-weight: bold\">\u2013 proc\u00e9dure du brows lift<span class=\"Apple-converted-space\">\u00a0<\/span><\/strong><\/p>\n<p><strong style=\"font-weight: bold\">-soin \u00e0 la k\u00e9ratine (cils)<span class=\"Apple-converted-space\">\u00a0<\/span><\/strong><\/p>\n<p><strong style=\"font-weight: bold\">\u2013 les contres indications<span class=\"Apple-converted-space\">\u00a0<\/span><\/strong><\/p>\n<p><strong style=\"font-weight: bold\">-conseils marketing et communication<\/strong><\/p>\n<p class=\"p1\"><span class=\"s1\"><strong>\u00a0<\/strong><\/span><\/p>\n<p class=\"p1\"><span class=\"s1\"><strong>Pratique sur deux mod\u00e8les\u00a0<\/strong><\/span><\/p>\n<p><strong>d\u00e9couverte du mat\u00e9riel , des normes d\u2019hygi\u00e8ne , des contre indications et astuces pour r\u00e9ussir vos prestations et obtenir la satisfaction des \u00a0clients .<\/strong><\/p>\n<p class=\"p1\"><span class=\"s1\"><strong>Cours th\u00e9orique complet brows lift +\u00a0<\/strong><\/span><\/p>\n<p class=\"p1\"><span class=\"s1\"><strong>puis rehaussement de cils avec teinture\u00a0<\/strong><\/span><\/p>\n<p class=\"p1\"><span class=\"s1\"><strong> Vous verrez \u00e9galement la structuration des sourcils (le mapping) pour des sourcils personnalis\u00e9s pour chaque cliente \u00a0et la teinture des cils et des sourcils qui est un plus .\u00a0<\/strong><\/span><\/p>\n<p class=\"p1\"><span class=\"s1\"><strong>pour une formation compl\u00e8te et optimale !<\/strong><\/span><\/p>\n<p class=\"p1\"><span class=\"s1\"><strong>Le Kit et l\u2019attestation de r\u00e9ussite vous sont remis en fin de journ\u00e9e.<\/strong><\/span><\/p>\n<p class=\"p1\"><strong>Vous b\u00e9n\u00e9ficiez d\u2019un accompagnement illimit\u00e9 par notre formatrice via watsapp le kit est inclus pour d\u00e9marrer de suite votre activit\u00e9 a l\u2019issu de la formation il permet de faire 15 clientes donc de rentabiliser rapidement votre investissement.<\/strong><\/p>\n","protected":false},"excerpt":{"rendered":"<p>Le pack Brows lift et rehaussement de cils pour ma\u00eetriser les deux techniques ainsi que mapping et la structuration des sourcils\ud83d\udda4 Dans la mesure du possible nous vous demandons de trouver une ou deux mod\u00e8les pour cette formation. &nbsp; Ce que vous allez apprendre :\u00a0 \u2013 le mapping des sourcils\u00a0 \u2013 la structuration des sourcils\u00a0 [&hellip;]<\/p>\n","protected":false},"featured_media":2815,"template":"","meta":{"site-sidebar-layout":"default","site-content-layout":"default","ast-site-content-layout":"default","site-content-style":"default","site-sidebar-style":"default","ast-global-header-display":"","ast-banner-title-visibility":"","ast-main-header-display":"","ast-hfb-above-header-display":"","ast-hfb-below-header-display":"","ast-hfb-mobile-header-display":"","site-post-title":"","ast-breadcrumbs-content":"","ast-featured-img":"","footer-sml-layout":"","theme-transparent-header-meta":"default","adv-header-id-meta":"","stick-header-meta":"","header-above-stick-meta":"","header-main-stick-meta":"","header-below-stick-meta":"","astra-migrate-meta-layouts":"set","ast-page-background-enabled":"default","ast-page-background-meta":{"desktop":{"background-color":"var(--ast-global-color-4)","background-image":"","background-repeat":"repeat","background-position":"center center","background-size":"auto","background-attachment":"scroll","background-type":"","background-media":"","overlay-type":"","overlay-color":"","overlay-opacity":"","overlay-gradient":""},"tablet":{"background-color":"","background-image":"","background-repeat":"repeat","background-position":"center center","background-size":"auto","background-attachment":"scroll","background-type":"","background-media":"","overlay-type":"","overlay-color":"","overlay-opacity":"","overlay-gradient":""},"mobile":{"background-color":"","background-image":"","background-repeat":"repeat","background-position":"center center","background-size":"auto","background-attachment":"scroll","background-type":"","background-media":"","overlay-type":"","overlay-color":"","overlay-opacity":"","overlay-gradient":""}},"ast-content-background-meta":{"desktop":{"background-color":"var(--ast-global-color-5)","background-image":"","background-repeat":"repeat","background-position":"center center","background-size":"auto","background-attachment":"scroll","background-type":"","background-media":"","overlay-type":"","overlay-color":"","overlay-opacity":"","overlay-gradient":""},"tablet":{"background-color":"var(--ast-global-color-5)","background-image":"","background-repeat":"repeat","background-position":"center center","background-size":"auto","background-attachment":"scroll","background-type":"","background-media":"","overlay-type":"","overlay-color":"","overlay-opacity":"","overlay-gradient":""},"mobile":{"background-color":"var(--ast-global-color-5)","background-image":"","background-repeat":"repeat","background-position":"center center","background-size":"auto","background-attachment":"scroll","background-type":"","background-media":"","overlay-type":"","overlay-color":"","overlay-opacity":"","overlay-gradient":""}}},"product_brand":[],"product_cat":[24],"product_tag":[],"class_list":{"0":"post-1535","1":"product","2":"type-product","3":"status-publish","4":"has-post-thumbnail","6":"product_cat-formation","7":"desktop-align-left","8":"tablet-align-left","9":"mobile-align-left","11":"first","12":"instock","13":"taxable","14":"shipping-taxable","15":"purchasable","16":"product-type-simple"},"_links":{"self":[{"href":"https:\/\/www.reinedescils-k.fr\/index.php\/wp-json\/wp\/v2\/product\/1535","targetHints":{"allow":["GET"]}}],"collection":[{"href":"https:\/\/www.reinedescils-k.fr\/index.php\/wp-json\/wp\/v2\/product"}],"about":[{"href":"https:\/\/www.reinedescils-k.fr\/index.php\/wp-json\/wp\/v2\/types\/product"}],"wp:featuredmedia":[{"embeddable":true,"href":"https:\/\/www.reinedescils-k.fr\/index.php\/wp-json\/wp\/v2\/media\/2815"}],"wp:attachment":[{"href":"https:\/\/www.reinedescils-k.fr\/index.php\/wp-json\/wp\/v2\/media?parent=1535"}],"wp:term":[{"taxonomy":"product_brand","embeddable":true,"href":"https:\/\/www.reinedescils-k.fr\/index.php\/wp-json\/wp\/v2\/product_brand?post=1535"},{"taxonomy":"product_cat","embeddable":true,"href":"https:\/\/www.reinedescils-k.fr\/index.php\/wp-json\/wp\/v2\/product_cat?post=1535"},{"taxonomy":"product_tag","embeddable":true,"href":"https:\/\/www.reinedescils-k.fr\/index.php\/wp-json\/wp\/v2\/product_tag?post=1535"}],"curies":[{"name":"wp","href":"https:\/\/api.w.org\/{rel}","templated":true}]}}