{"id":1546,"date":"2023-12-04T23:56:16","date_gmt":"2023-12-04T22:56:16","guid":{"rendered":"https:\/\/www.reinedescils-k.fr\/?post_type=product&#038;p=1546"},"modified":"2025-11-12T17:22:35","modified_gmt":"2025-11-12T16:22:35","slug":"2-formation-privee-3-en-1-extensions-de-cils-methode-cil-a-cil-pose-mixte-et-volume-russe-pose-wispy-pose-liner-pose-coloree-kit-inclus-3-jours","status":"publish","type":"product","link":"https:\/\/www.reinedescils-k.fr\/index.php\/produit\/2-formation-privee-3-en-1-extensions-de-cils-methode-cil-a-cil-pose-mixte-et-volume-russe-pose-wispy-pose-liner-pose-coloree-kit-inclus-3-jours\/","title":{"rendered":"Pack full Lash artist 5 en 1 : m\u00e9thode cil \u00e0 cil,mixte,volume russe , pose Wispy Kim K et rehaussement de cils avec teinture + kit inclus (3 jours)"},"content":{"rendered":"<p class=\"p1\"><strong><span class=\"s1\">Formation priv\u00e9e avec 1 \u00e9l\u00e8ve par session&nbsp;<\/span><span style=\"font-size: 16px\">cette formation \u00ab FULL LASH ARTIST \u00bbvous permet de vous formez au cil \u00e0 cil au volume russe , pose mixte mais \u00e9galement \u00e0 la pose Wispy (Kim K) et au rehaussement de cils avec teinture et soin lash Botox .<\/span><\/strong><\/p>\n<p><strong>Ainsi qu\u2019un cours sur la gestion de vos r\u00e9seaux sociaux et le marketing digitale pour mieux vendre vos offres ! (Nouveaut\u00e9 2024)<\/strong><\/p>\n<p class=\"p1\"><span class=\"s1\"><strong>Jour 1: cours th\u00e9orique complet le matin puis on passe en pratique apprenez la m\u00e9thode cil \u00e0 cil &nbsp;,compl\u00e8te et naturelle puis pose sur une mod\u00e8le l\u2019apr\u00e8s midi&nbsp;<\/strong><\/span><\/p>\n<p class=\"p1\"><span class=\"s1\"><strong>jour 2: la m\u00e9thode volume russe avec cr\u00e9ation de bouquet pour r\u00e9aliser des poses russe ou mixte puis r\u00e9alisation sur une modele l\u2019apr\u00e8s midi &nbsp;<\/strong><\/span><\/p>\n<p><strong>jour 3 : d\u00e9couverte de la pose wispy (Kim K ) avec cr\u00e9ation des spikes et entra\u00eenement sur mannequin .  Les extensions de cils n\u2019auront plus aucun secret pour vous !<\/strong><\/p>\n<p><strong>Cours th\u00e9orique du rehaussement de cils et d\u00e9couverte du mat\u00e9riel n\u00e9cessaire<br \/>\nPuis on fini cette session avec le rehaussement de cils et la teinture des cils avec soin k\u00e9ratine sur mod\u00e8le . <\/strong><\/p>\n<p><strong>remise de l\u2019attestation de r\u00e9ussite et du kit en fin de session<\/strong><\/p>\n<p><strong>Celui ci vous permet de faire 30 prestations. <\/strong><\/p>\n<p><strong>Cette formation &nbsp;est id\u00e9ale pour apprendre \u00e0 la perfection les bonnes m\u00e9thodes et les bons gestes ainsi qu\u2019\u00eatre \u00e0 la pointe des derni\u00e8res tendances extensions de cils !<\/strong><\/p>\n<p><strong><\/strong><\/p>\n<p><strong><br \/>\n<span style=\"font-size: 16px\">Le + : Vous b\u00e9n\u00e9ficiez d\u2019un accompagnement illimit\u00e9 par notre formatrice qui reste disponible pour vous r\u00e9pondre m\u00eame apr\u00e8s la formation via watsapp <\/span><\/strong><\/p>\n<p><strong>&nbsp;<\/strong><\/p>\n","protected":false},"excerpt":{"rendered":"<p>Formation priv\u00e9e avec 1 \u00e9l\u00e8ve par session&nbsp;cette formation \u00ab FULL LASH ARTIST \u00bbvous permet de vous formez au cil \u00e0 cil au volume russe , pose mixte mais \u00e9galement \u00e0 la pose Wispy (Kim K) et au rehaussement de cils avec teinture et soin lash Botox . Ainsi qu\u2019un cours sur la gestion de vos [&hellip;]<\/p>\n","protected":false},"featured_media":1875,"template":"","meta":{"site-sidebar-layout":"default","site-content-layout":"default","ast-site-content-layout":"default","site-content-style":"default","site-sidebar-style":"default","ast-global-header-display":"","ast-banner-title-visibility":"","ast-main-header-display":"","ast-hfb-above-header-display":"","ast-hfb-below-header-display":"","ast-hfb-mobile-header-display":"","site-post-title":"","ast-breadcrumbs-content":"","ast-featured-img":"","footer-sml-layout":"","theme-transparent-header-meta":"default","adv-header-id-meta":"","stick-header-meta":"","header-above-stick-meta":"","header-main-stick-meta":"","header-below-stick-meta":"","astra-migrate-meta-layouts":"set","ast-page-background-enabled":"default","ast-page-background-meta":{"desktop":{"background-color":"var(--ast-global-color-4)","background-image":"","background-repeat":"repeat","background-position":"center center","background-size":"auto","background-attachment":"scroll","background-type":"","background-media":"","overlay-type":"","overlay-color":"","overlay-opacity":"","overlay-gradient":""},"tablet":{"background-color":"","background-image":"","background-repeat":"repeat","background-position":"center center","background-size":"auto","background-attachment":"scroll","background-type":"","background-media":"","overlay-type":"","overlay-color":"","overlay-opacity":"","overlay-gradient":""},"mobile":{"background-color":"","background-image":"","background-repeat":"repeat","background-position":"center center","background-size":"auto","background-attachment":"scroll","background-type":"","background-media":"","overlay-type":"","overlay-color":"","overlay-opacity":"","overlay-gradient":""}},"ast-content-background-meta":{"desktop":{"background-color":"var(--ast-global-color-5)","background-image":"","background-repeat":"repeat","background-position":"center center","background-size":"auto","background-attachment":"scroll","background-type":"","background-media":"","overlay-type":"","overlay-color":"","overlay-opacity":"","overlay-gradient":""},"tablet":{"background-color":"var(--ast-global-color-5)","background-image":"","background-repeat":"repeat","background-position":"center center","background-size":"auto","background-attachment":"scroll","background-type":"","background-media":"","overlay-type":"","overlay-color":"","overlay-opacity":"","overlay-gradient":""},"mobile":{"background-color":"var(--ast-global-color-5)","background-image":"","background-repeat":"repeat","background-position":"center center","background-size":"auto","background-attachment":"scroll","background-type":"","background-media":"","overlay-type":"","overlay-color":"","overlay-opacity":"","overlay-gradient":""}}},"product_brand":[],"product_cat":[24],"product_tag":[],"class_list":{"0":"post-1546","1":"product","2":"type-product","3":"status-publish","4":"has-post-thumbnail","6":"product_cat-formation","7":"desktop-align-left","8":"tablet-align-left","9":"mobile-align-left","11":"first","12":"instock","13":"taxable","14":"shipping-taxable","15":"purchasable","16":"product-type-simple"},"_links":{"self":[{"href":"https:\/\/www.reinedescils-k.fr\/index.php\/wp-json\/wp\/v2\/product\/1546","targetHints":{"allow":["GET"]}}],"collection":[{"href":"https:\/\/www.reinedescils-k.fr\/index.php\/wp-json\/wp\/v2\/product"}],"about":[{"href":"https:\/\/www.reinedescils-k.fr\/index.php\/wp-json\/wp\/v2\/types\/product"}],"wp:featuredmedia":[{"embeddable":true,"href":"https:\/\/www.reinedescils-k.fr\/index.php\/wp-json\/wp\/v2\/media\/1875"}],"wp:attachment":[{"href":"https:\/\/www.reinedescils-k.fr\/index.php\/wp-json\/wp\/v2\/media?parent=1546"}],"wp:term":[{"taxonomy":"product_brand","embeddable":true,"href":"https:\/\/www.reinedescils-k.fr\/index.php\/wp-json\/wp\/v2\/product_brand?post=1546"},{"taxonomy":"product_cat","embeddable":true,"href":"https:\/\/www.reinedescils-k.fr\/index.php\/wp-json\/wp\/v2\/product_cat?post=1546"},{"taxonomy":"product_tag","embeddable":true,"href":"https:\/\/www.reinedescils-k.fr\/index.php\/wp-json\/wp\/v2\/product_tag?post=1546"}],"curies":[{"name":"wp","href":"https:\/\/api.w.org\/{rel}","templated":true}]}}