{"id":1675,"date":"2024-03-25T19:57:48","date_gmt":"2024-03-25T18:57:48","guid":{"rendered":"https:\/\/www.reinedescils-k.fr\/?post_type=product&#038;p=1675"},"modified":"2025-11-27T15:49:54","modified_gmt":"2025-11-27T14:49:54","slug":"4-pack-3-en-1-cil-a-cil-mixte-et-volume-russerehaussement-de-cils-et-teinture-kit-inclus-a-distance","status":"publish","type":"product","link":"https:\/\/www.reinedescils-k.fr\/index.php\/produit\/4-pack-3-en-1-cil-a-cil-mixte-et-volume-russerehaussement-de-cils-et-teinture-kit-inclus-a-distance\/","title":{"rendered":"Pack full Lash Artist 5 en 1 : m\u00e9thode cil \u00e0 cil,mixte,volume russe , pose Wispy Kim K et rehaussement de cils avec teinture + kit inclus (\u00e0 distance )"},"content":{"rendered":"<p><strong>Formation 5 en 1 \u2013 full lash artist <\/strong><\/p>\n<p><strong>Notre formation Best seller mais \u00e0 distance !<\/strong><\/p>\n<p><strong>Avec le kit inclus pour vos 20 premi\u00e8res clientes afin de vite rentabiliser <\/strong><\/p>\n<p><strong><\/strong><\/p>\n<p><strong>Objectif de la formation: <\/strong><\/p>\n<p><strong>Devenez une experte dans la pose d\u2019extensions de cils et le rehaussement de cils avec teinture en ma\u00eetrisant 5  techniques compl\u00e9mentaires :<\/strong><\/p>\n<p><strong>\u2022 Pose volume russe<\/strong><\/p>\n<p><strong>\u2022 Pose cil \u00e0 cil<\/strong><\/p>\n<p><strong>\u2022 Pose mixte (m\u00e9lange des deux techniques)<\/strong><\/p>\n<p><strong>\u2022 Rehaussement de cils avec teinture<\/strong><\/p>\n<p><strong>\u2022 pose Kim K (Wispy) <\/strong><\/p>\n<p><strong><\/strong><\/p>\n<p><strong>Modalit\u00e9s de la formation<\/strong><\/p>\n<p><strong>\u2022 Le kit complet vous est envoy\u00e9 \u00e0 domicile (colis remis contre signature).<\/strong><\/p>\n<p><strong>\u2022 trois livrets de formation  en pdf + 35 vid\u00e9os explicatives r\u00e9parties en 3 modules <\/strong><\/p>\n<p><strong><\/strong><\/p>\n<p><strong>\u2022 D\u00e8s r\u00e9ception, vous acc\u00e9dez aux cours th\u00e9oriques et aux vid\u00e9os explicatives de formation, vous permettant d\u2019apprendre \u00e0 votre rythme.<\/strong><\/p>\n<p><strong>\u2022 Kim est disponible pour r\u00e9pondre \u00e0 toute vos questions sur watsapp <\/strong><\/p>\n<p><strong><\/strong><\/p>\n<p><strong>Obtention de l\u2019attestation de formation<\/strong><\/p>\n<p><strong>Pour valider votre formation et obtenir votre attestation :<\/strong><\/p>\n<p><strong>1. Suivez et mettez en pratique la formation.<\/strong><\/p>\n<p><strong>2. Envoyez-nous les photos avant\/apr\u00e8s de vos trois mod\u00e8les r\u00e9alis\u00e9s (une pose cil \u00e0 cil, une pose volume russe ou mixte, et un rehaussement de cils).<\/strong><\/p>\n<p><strong>3. Compl\u00e9tez et retournez le quizz d\u2019\u00e9valuation attestant de votre bonne compr\u00e9hension du cours.<\/strong><\/p>\n<p><strong><\/strong><\/p>\n<p><strong>Une fois votre formation valid\u00e9e par notre formatrice, une attestation nominative vous sera envoy\u00e9e par e-mail au format imprimable, vous permettant d\u2019exercer en tant que technicienne de cils.<\/strong><\/p>\n<p><strong><\/strong><\/p>\n<p><strong>\u00c0 noter<\/strong><\/p>\n<p><strong>\u2022 La validation de la formation n\u00e9cessite la r\u00e9alisation des poses sur 4  mod\u00e8les au total <\/strong><\/p>\n<p><strong><\/strong><\/p>\n<p><strong>Modalit\u00e9s compl\u00e9mentaires<\/strong><\/p>\n<p><strong>\u2022 Produit virtuel (formation e-learning)<\/strong><\/p>\n<p><strong>\u2022 Dur\u00e9e d\u2019acc\u00e8s au cours \u00e0 votre rythme vous n&rsquo;avez pas de date limite pour valider votre formation <\/strong><\/p>\n<p><strong>\u2022 Suivi illimit\u00e9 avec la formatrice via watsapp <\/strong><\/p>\n<p><strong><\/strong><\/p>\n<p><strong>Consulter les nombreux avis positifs des \u00e9l\u00e8ves en story \u00e0 la une sur Instagram <\/strong>\ud83d\udc95<\/p>\n<p><strong><\/strong><\/p>\n<p><strong>Mentions l\u00e9gales et conditions particuli\u00e8res<\/strong><\/p>\n<p><strong>\u2022 Les contenus de formation (PDF, vid\u00e9os, audios, etc.) sont prot\u00e9g\u00e9s par le droit d\u2019auteur. Toute reproduction, distribution ou utilisation sans autorisation \u00e9crite pr\u00e9alable est strictement interdite et pourra donner lieu \u00e0 des poursuites.<\/strong><\/p>\n<p><strong>\u2022 Ce produit, incluant des contenus num\u00e9riques d\u00e9mat\u00e9rialis\u00e9s, ne peut faire l\u2019objet ni d\u2019un remboursement ni d\u2019un \u00e9change, conform\u00e9ment aux dispositions l\u00e9gales en vigueur.<\/strong><\/p>\n<p><strong>\u2022 La formation est fournie \u00e0 titre informatif et p\u00e9dagogique. L\u2019utilisateur s\u2019engage \u00e0 respecter scrupuleusement les consignes et instructions fournies.<\/strong><\/p>\n","protected":false},"excerpt":{"rendered":"<p>Produit virtuel (formations) et fichiers pdf vous sont envoy\u00e9 \u00a0+ le colis de mat\u00e9riel ne pouvant donc ni \u00a0faire l\u2019objet d\u2019un \u00e9change ni d\u2019un remboursement apr\u00e8s achat<\/p>\n","protected":false},"featured_media":2601,"template":"","meta":{"site-sidebar-layout":"default","site-content-layout":"default","ast-site-content-layout":"default","site-content-style":"default","site-sidebar-style":"default","ast-global-header-display":"","ast-banner-title-visibility":"","ast-main-header-display":"","ast-hfb-above-header-display":"","ast-hfb-below-header-display":"","ast-hfb-mobile-header-display":"","site-post-title":"","ast-breadcrumbs-content":"","ast-featured-img":"","footer-sml-layout":"","theme-transparent-header-meta":"default","adv-header-id-meta":"","stick-header-meta":"","header-above-stick-meta":"","header-main-stick-meta":"","header-below-stick-meta":"","astra-migrate-meta-layouts":"set","ast-page-background-enabled":"default","ast-page-background-meta":{"desktop":{"background-color":"var(--ast-global-color-4)","background-image":"","background-repeat":"repeat","background-position":"center center","background-size":"auto","background-attachment":"scroll","background-type":"","background-media":"","overlay-type":"","overlay-color":"","overlay-opacity":"","overlay-gradient":""},"tablet":{"background-color":"","background-image":"","background-repeat":"repeat","background-position":"center center","background-size":"auto","background-attachment":"scroll","background-type":"","background-media":"","overlay-type":"","overlay-color":"","overlay-opacity":"","overlay-gradient":""},"mobile":{"background-color":"","background-image":"","background-repeat":"repeat","background-position":"center center","background-size":"auto","background-attachment":"scroll","background-type":"","background-media":"","overlay-type":"","overlay-color":"","overlay-opacity":"","overlay-gradient":""}},"ast-content-background-meta":{"desktop":{"background-color":"var(--ast-global-color-5)","background-image":"","background-repeat":"repeat","background-position":"center center","background-size":"auto","background-attachment":"scroll","background-type":"","background-media":"","overlay-type":"","overlay-color":"","overlay-opacity":"","overlay-gradient":""},"tablet":{"background-color":"var(--ast-global-color-5)","background-image":"","background-repeat":"repeat","background-position":"center center","background-size":"auto","background-attachment":"scroll","background-type":"","background-media":"","overlay-type":"","overlay-color":"","overlay-opacity":"","overlay-gradient":""},"mobile":{"background-color":"var(--ast-global-color-5)","background-image":"","background-repeat":"repeat","background-position":"center center","background-size":"auto","background-attachment":"scroll","background-type":"","background-media":"","overlay-type":"","overlay-color":"","overlay-opacity":"","overlay-gradient":""}}},"product_brand":[],"product_cat":[26],"product_tag":[],"class_list":{"0":"post-1675","1":"product","2":"type-product","3":"status-publish","4":"has-post-thumbnail","6":"product_cat-formation-a-distance","7":"desktop-align-left","8":"tablet-align-left","9":"mobile-align-left","11":"first","12":"instock","13":"taxable","14":"shipping-taxable","15":"purchasable","16":"product-type-simple"},"_links":{"self":[{"href":"https:\/\/www.reinedescils-k.fr\/index.php\/wp-json\/wp\/v2\/product\/1675","targetHints":{"allow":["GET"]}}],"collection":[{"href":"https:\/\/www.reinedescils-k.fr\/index.php\/wp-json\/wp\/v2\/product"}],"about":[{"href":"https:\/\/www.reinedescils-k.fr\/index.php\/wp-json\/wp\/v2\/types\/product"}],"wp:featuredmedia":[{"embeddable":true,"href":"https:\/\/www.reinedescils-k.fr\/index.php\/wp-json\/wp\/v2\/media\/2601"}],"wp:attachment":[{"href":"https:\/\/www.reinedescils-k.fr\/index.php\/wp-json\/wp\/v2\/media?parent=1675"}],"wp:term":[{"taxonomy":"product_brand","embeddable":true,"href":"https:\/\/www.reinedescils-k.fr\/index.php\/wp-json\/wp\/v2\/product_brand?post=1675"},{"taxonomy":"product_cat","embeddable":true,"href":"https:\/\/www.reinedescils-k.fr\/index.php\/wp-json\/wp\/v2\/product_cat?post=1675"},{"taxonomy":"product_tag","embeddable":true,"href":"https:\/\/www.reinedescils-k.fr\/index.php\/wp-json\/wp\/v2\/product_tag?post=1675"}],"curies":[{"name":"wp","href":"https:\/\/api.w.org\/{rel}","templated":true}]}}