{"id":2012,"date":"2024-09-17T19:29:31","date_gmt":"2024-09-17T17:29:31","guid":{"rendered":"https:\/\/www.reinedescils-k.fr\/index.php\/produit\/formation-strass-dentaire-avec-kit-inclus-a-distance\/"},"modified":"2025-12-24T14:08:24","modified_gmt":"2025-12-24T13:08:24","slug":"formation-strass-dentaire-avec-kit-inclus-a-distance","status":"publish","type":"product","link":"https:\/\/www.reinedescils-k.fr\/index.php\/produit\/formation-strass-dentaire-avec-kit-inclus-a-distance\/","title":{"rendered":"Formule strass dentaire avec kit inclus ( \u00e0 distance)"},"content":{"rendered":"<p><strong>\u00catre technicien de pose de strass dentaire fait partie d&rsquo;une tendance \u00e9mergente. <\/strong><\/p>\n<p><strong>Venant tout droit des \u00c9tats-Unis,<\/strong><\/p>\n<p><strong>Une tendance qui rend chaque sourire unique et \u00e9tincelant.<\/strong><\/p>\n<p><strong>Et laisse libre cours \u00e0 votre art<\/strong><\/p>\n<p><strong>Exprimez votre cr\u00e9ativit\u00e9 avec cette prestation dont la demande est tr\u00e8s forte !<\/strong><\/p>\n<p><strong><\/strong><\/p>\n<p><strong style=\"font-weight: 700\">support: 3 vid\u00e9os explicatives d\u00e9taill\u00e9es de la <\/strong><strong>prestation<\/strong><strong style=\"font-weight: 700\"> et les cours en format PDF de plus <\/strong><strong>de<\/strong><strong style=\"font-weight: 700\"> 40 pages <\/strong><\/p>\n<p><strong>Un<\/strong><strong style=\"font-weight: 700\"> <\/strong><strong>programme<\/strong><strong style=\"font-weight: 700\"> <\/strong><strong>ultra<\/strong><strong style=\"font-weight: 700\"> <\/strong><strong>complet<\/strong><strong style=\"font-weight: 700\"> ! <\/strong><\/p>\n<p><strong style=\"font-weight: 700\">le kit est envoy\u00e9 \u00e0 votre domicile <\/strong><strong>d\u00e8s<\/strong><strong style=\"font-weight: 700\"> sa r\u00e9ception nous vous envoyons votre cours th\u00e9orique ainsi que les vid\u00e9os explicatives <span class=\"Apple-converted-space\">pour <\/span><\/strong><strong>que<\/strong><span class=\"Apple-converted-space\"><strong style=\"font-weight: 700\"> vous <\/strong><\/span><strong>puissiez<\/strong><span class=\"Apple-converted-space\"><strong style=\"font-weight: 700\"> mettre en <\/strong><\/span><strong>pratique<\/strong><span class=\"Apple-converted-space\"><strong style=\"font-weight: 700\">. <\/strong><\/span><\/p>\n<p><strong style=\"font-weight: 700\">La formatrice est disponible sur watsapp pour r\u00e9pondre \u00e0 toute vos questions concernant la pratique un programme enti\u00e8rement \u00e0 votre rythme sans date limite <\/strong><\/p>\n<p><strong style=\"font-weight: 700\">Comment obtenir mon attestation de <\/strong><strong>r\u00e9ussite<\/strong><strong style=\"font-weight: 700\"> ?<\/strong><\/p>\n<p><strong style=\"font-weight: 700\">lorsque vous aurez suivi et mise en pratique la <\/strong><strong>prestation<\/strong><strong style=\"font-weight: 700\"> , il faudra nous envoyer les photos avant\/ apr\u00e8s de vos deux mod\u00e8les r\u00e9alis\u00e9es et nous retourner <\/strong><strong>l&rsquo;\u00e9valuation<\/strong><strong style=\"font-weight: 700\"> <\/strong><strong>pr\u00e9sente dans<\/strong><strong style=\"font-weight: 700\"> <\/strong><strong>votre cours<\/strong><strong style=\"font-weight: 700\"> . <\/strong><\/p>\n<p><strong style=\"font-weight: 700\">Une fois valid\u00e9e,<\/strong><\/p>\n<p><strong style=\"font-weight: 700\">votre attestation de <\/strong><strong>r\u00e9ussite<\/strong><strong style=\"font-weight: 700\"> vous sera remise<\/strong><\/p>\n<p><span class=\"Apple-converted-space\"><strong style=\"font-weight: 700\">Produit digital (<\/strong><\/span><span class=\"Apple-converted-space\"><strong style=\"font-weight: 700\"> e-learning) <\/strong><\/span><span class=\"Apple-converted-space\"><strong style=\"font-weight: 700\">ne <\/strong><\/span><strong>peu<\/strong><span class=\"Apple-converted-space\"><strong style=\"font-weight: 700\"> faire l&rsquo;objet ni <\/strong><\/span><strong>d&rsquo;un<\/strong><span class=\"Apple-converted-space\"><strong style=\"font-weight: 700\"> <\/strong><\/span><strong>\u00e9change<\/strong><span class=\"Apple-converted-space\"><strong style=\"font-weight: 700\"> ni d&rsquo;un <\/strong><\/span><strong>remboursement<\/strong><span class=\"Apple-converted-space\"><strong style=\"font-weight: 700\"> par son <\/strong><\/span><strong>caract\u00e8re<\/strong><span class=\"Apple-converted-space\"><strong style=\"font-weight: 700\"> audios \/ <\/strong><\/span><strong>vid\u00e9os<\/strong><span class=\"Apple-converted-space\"><strong style=\"font-weight: 700\"> <\/strong><\/span><\/p>\n<p><strong>Toute reproduction, distribution, ou utilisation des contenus de formation sans autorisation est strictement interdite.<\/strong><\/p>\n<p><strong><br \/>\n<\/strong><\/p>\n","protected":false},"excerpt":{"rendered":"<p>\u00catre technicien de pose de strass dentaire fait partie d&rsquo;une tendance \u00e9mergente. Venant tout droit des \u00c9tats-Unis, Une tendance qui rend chaque sourire unique et \u00e9tincelant. Et laisse libre cours \u00e0 votre art Exprimez votre cr\u00e9ativit\u00e9 avec cette prestation dont la demande est tr\u00e8s forte ! support: 3 vid\u00e9os explicatives d\u00e9taill\u00e9es de la prestation et [&hellip;]<\/p>\n","protected":false},"featured_media":2182,"template":"","meta":{"site-sidebar-layout":"default","site-content-layout":"","ast-site-content-layout":"","site-content-style":"default","site-sidebar-style":"default","ast-global-header-display":"","ast-banner-title-visibility":"","ast-main-header-display":"","ast-hfb-above-header-display":"","ast-hfb-below-header-display":"","ast-hfb-mobile-header-display":"","site-post-title":"","ast-breadcrumbs-content":"","ast-featured-img":"","footer-sml-layout":"","theme-transparent-header-meta":"","adv-header-id-meta":"","stick-header-meta":"","header-above-stick-meta":"","header-main-stick-meta":"","header-below-stick-meta":"","astra-migrate-meta-layouts":"default","ast-page-background-enabled":"default","ast-page-background-meta":{"desktop":{"background-color":"var(--ast-global-color-4)","background-image":"","background-repeat":"repeat","background-position":"center center","background-size":"auto","background-attachment":"scroll","background-type":"","background-media":"","overlay-type":"","overlay-color":"","overlay-opacity":"","overlay-gradient":""},"tablet":{"background-color":"","background-image":"","background-repeat":"repeat","background-position":"center center","background-size":"auto","background-attachment":"scroll","background-type":"","background-media":"","overlay-type":"","overlay-color":"","overlay-opacity":"","overlay-gradient":""},"mobile":{"background-color":"","background-image":"","background-repeat":"repeat","background-position":"center center","background-size":"auto","background-attachment":"scroll","background-type":"","background-media":"","overlay-type":"","overlay-color":"","overlay-opacity":"","overlay-gradient":""}},"ast-content-background-meta":{"desktop":{"background-color":"var(--ast-global-color-5)","background-image":"","background-repeat":"repeat","background-position":"center center","background-size":"auto","background-attachment":"scroll","background-type":"","background-media":"","overlay-type":"","overlay-color":"","overlay-opacity":"","overlay-gradient":""},"tablet":{"background-color":"var(--ast-global-color-5)","background-image":"","background-repeat":"repeat","background-position":"center center","background-size":"auto","background-attachment":"scroll","background-type":"","background-media":"","overlay-type":"","overlay-color":"","overlay-opacity":"","overlay-gradient":""},"mobile":{"background-color":"var(--ast-global-color-5)","background-image":"","background-repeat":"repeat","background-position":"center center","background-size":"auto","background-attachment":"scroll","background-type":"","background-media":"","overlay-type":"","overlay-color":"","overlay-opacity":"","overlay-gradient":""}}},"product_brand":[],"product_cat":[26],"product_tag":[],"class_list":{"0":"post-2012","1":"product","2":"type-product","3":"status-publish","4":"has-post-thumbnail","6":"product_cat-formation-a-distance","7":"desktop-align-left","8":"tablet-align-left","9":"mobile-align-left","11":"first","12":"outofstock","13":"taxable","14":"shipping-taxable","15":"purchasable","16":"product-type-simple"},"_links":{"self":[{"href":"https:\/\/www.reinedescils-k.fr\/index.php\/wp-json\/wp\/v2\/product\/2012","targetHints":{"allow":["GET"]}}],"collection":[{"href":"https:\/\/www.reinedescils-k.fr\/index.php\/wp-json\/wp\/v2\/product"}],"about":[{"href":"https:\/\/www.reinedescils-k.fr\/index.php\/wp-json\/wp\/v2\/types\/product"}],"wp:featuredmedia":[{"embeddable":true,"href":"https:\/\/www.reinedescils-k.fr\/index.php\/wp-json\/wp\/v2\/media\/2182"}],"wp:attachment":[{"href":"https:\/\/www.reinedescils-k.fr\/index.php\/wp-json\/wp\/v2\/media?parent=2012"}],"wp:term":[{"taxonomy":"product_brand","embeddable":true,"href":"https:\/\/www.reinedescils-k.fr\/index.php\/wp-json\/wp\/v2\/product_brand?post=2012"},{"taxonomy":"product_cat","embeddable":true,"href":"https:\/\/www.reinedescils-k.fr\/index.php\/wp-json\/wp\/v2\/product_cat?post=2012"},{"taxonomy":"product_tag","embeddable":true,"href":"https:\/\/www.reinedescils-k.fr\/index.php\/wp-json\/wp\/v2\/product_tag?post=2012"}],"curies":[{"name":"wp","href":"https:\/\/api.w.org\/{rel}","templated":true}]}}