{"id":2016,"date":"2024-09-17T22:02:45","date_gmt":"2024-09-17T20:02:45","guid":{"rendered":"https:\/\/www.reinedescils-k.fr\/index.php\/produit\/pack-2-en-1-formation-blanchiment-dentaire-et-strass-dentaire-kit-inclus-sur-place\/"},"modified":"2025-11-11T12:36:24","modified_gmt":"2025-11-11T11:36:24","slug":"pack-2-en-1-formation-blanchiment-dentaire-et-strass-dentaire-kit-inclus-sur-place","status":"publish","type":"product","link":"https:\/\/www.reinedescils-k.fr\/index.php\/produit\/pack-2-en-1-formation-blanchiment-dentaire-et-strass-dentaire-kit-inclus-sur-place\/","title":{"rendered":"Pack 2 en 1 : formation blanchiment dentaire et strass dentaire + kit inclus sur place (1 jour)"},"content":{"rendered":"<p><strong>Pack 2 en 1 pour ma\u00eetriser le blanchiment dentaire et la pose de strass dentaire <\/strong><\/p>\n<p><strong>Au programme : <\/strong><\/p>\n<div class=\"program-detail__subtitle-container\">\n<p>\u2714<strong> PR\u00c9SENTATION<br \/>\n<\/strong>\u2714<strong> HISTOIRE<br \/>\n<\/strong>\u2714<strong> POPULARITE<br \/>\n<\/strong>\u2714<strong> PRODUITS<br \/>\n<\/strong>\u2714<strong> R\u00e9glementations Canada et UE<br \/>\n<\/strong>\u2714<strong> SCIENCE DES DENTS<br \/>\n<\/strong>\u2714<strong> OPTIONS DE BLANCHIMENT<br \/>\n<\/strong>\u2714<strong> COMMENT FONCTIONNE LE BLANCHIMENT<br \/>\n<\/strong>\u2714<strong> TEINTES DE DENTS<br \/>\n<\/strong>\u2714<strong> TACHES DE DENTS<br \/>\n<\/strong>\u2714<strong> QUEL GEL ?<br \/>\n<\/strong>\u2714<strong> FACTEURS DE RISQUE<br \/>\n<\/strong>\u2714<strong> EFFETS SECONDAIRES<br \/>\n<\/strong>\u2714<strong> CONSEILS<br \/>\n<\/strong>\u2714<strong> ASSAINISSEMENT<br \/>\n<\/strong>\u2714<strong> NORMES<br \/>\n<\/strong>\u2714<strong> LE SOIN<br \/>\n<\/strong>\u2714<strong> SERVICE APR\u00c8S-VENTE<\/strong><\/p>\n<p>\u2728<strong>la pose de strass dentaire <\/strong><\/p>\n<p>\u2728<strong>conseils et normes de s\u00e9curit\u00e9 <\/strong><\/p>\n<\/div>\n<p><strong>Dur\u00e9e de la formation : 1 journ\u00e9e <\/strong><\/p>\n<p><strong>Entra\u00eenement sur 2 mod\u00e8les <\/strong><\/p>\n<div class=\"program-detail__subtitle-container\">\n<h3><\/h3>\n<h3 class=\"program-detail__subtitle\"><strong>OBJECTIFS :<\/strong><\/h3>\n<p><strong>\u00a0<\/strong><\/p>\n<\/div>\n<ul>\n<li class=\"list-goals\"><strong>Avoir les connaissances fondamentales sur le blanchiment dentaire et la pose de strass <\/strong><\/li>\n<li class=\"list-goals\"><strong>Ma\u00eetriser le protocole technique du blanchiment dentaire<\/strong><\/li>\n<li class=\"list-goals\"><strong>Savoir r\u00e9aliser une prestation compl\u00e8te des deux prestations <\/strong><\/li>\n<li><strong>cours th\u00e9orique le matin et pose sur dentier puis pratique sur deux mod\u00e8les<\/strong><\/li>\n<li><strong>Je vous transmet le contact des fournisseurs <\/strong><\/li>\n<li><strong>votre kit est inclus (pas la lampe de blanchiment dentaire ) il permet de faire 10 prestations de blanchiment dentaire et 20 de strass dentaire <\/strong><\/li>\n<li><strong>l\u2019attestation de r\u00e9ussite est remise en fin de formation <\/strong><\/li>\n<\/ul>\n<p><strong>contactez nous pour bloquer une date <\/strong><\/p>\n<p><strong>La formation se fait individuellement pour une meilleure qualit\u00e9 de formation <\/strong><\/p>\n<p><strong>Cette formation est destin\u00e9e \u00e0 enseigner l&rsquo;utilisation de produits cosm\u00e9tiques pour des prestations de blanchiment dentaire dans le respect du cadre l\u00e9gal. Les techniques enseign\u00e9es n&rsquo;impliquent pas d&rsquo;acte m\u00e9dical et ne d\u00e9passent pas le taux l\u00e9gal de peroxyde d&rsquo;hydrog\u00e8ne.<\/strong><\/p>\n<p>&nbsp;<\/p>\n<p><strong>\u2022 nous utilisions des produits cosm\u00e9tiques pour des prestations de blanchiment dentaire dans le respect du cadre l\u00e9gal.<\/strong><\/p>\n<p><strong>Les techniques enseign\u00e9es n\u2019impliquent pas d\u2019acte m\u00e9dical et respectent le taux l\u00e9gal de peroxyde d\u2019hydrog\u00e8ne.<\/strong><\/p>\n<p>&nbsp;<\/p>\n<p>&nbsp;<\/p>\n","protected":false},"excerpt":{"rendered":"<p>Pack 2 en 1 pour ma\u00eetriser le blanchiment dentaire et la pose de strass dentaire Au programme : \u2714 PR\u00c9SENTATION \u2714 HISTOIRE \u2714 POPULARITE \u2714 PRODUITS \u2714 R\u00e9glementations Canada et UE \u2714 SCIENCE DES DENTS \u2714 OPTIONS DE BLANCHIMENT \u2714 COMMENT FONCTIONNE LE BLANCHIMENT \u2714 TEINTES DE DENTS \u2714 TACHES DE DENTS \u2714 QUEL GEL [&hellip;]<\/p>\n","protected":false},"featured_media":2670,"template":"","meta":{"site-sidebar-layout":"default","site-content-layout":"","ast-site-content-layout":"default","site-content-style":"default","site-sidebar-style":"default","ast-global-header-display":"","ast-banner-title-visibility":"","ast-main-header-display":"","ast-hfb-above-header-display":"","ast-hfb-below-header-display":"","ast-hfb-mobile-header-display":"","site-post-title":"","ast-breadcrumbs-content":"","ast-featured-img":"","footer-sml-layout":"","theme-transparent-header-meta":"default","adv-header-id-meta":"","stick-header-meta":"","header-above-stick-meta":"","header-main-stick-meta":"","header-below-stick-meta":"","astra-migrate-meta-layouts":"set","ast-page-background-enabled":"default","ast-page-background-meta":{"desktop":{"background-color":"var(--ast-global-color-4)","background-image":"","background-repeat":"repeat","background-position":"center center","background-size":"auto","background-attachment":"scroll","background-type":"","background-media":"","overlay-type":"","overlay-color":"","overlay-opacity":"","overlay-gradient":""},"tablet":{"background-color":"","background-image":"","background-repeat":"repeat","background-position":"center center","background-size":"auto","background-attachment":"scroll","background-type":"","background-media":"","overlay-type":"","overlay-color":"","overlay-opacity":"","overlay-gradient":""},"mobile":{"background-color":"","background-image":"","background-repeat":"repeat","background-position":"center center","background-size":"auto","background-attachment":"scroll","background-type":"","background-media":"","overlay-type":"","overlay-color":"","overlay-opacity":"","overlay-gradient":""}},"ast-content-background-meta":{"desktop":{"background-color":"var(--ast-global-color-5)","background-image":"","background-repeat":"repeat","background-position":"center center","background-size":"auto","background-attachment":"scroll","background-type":"","background-media":"","overlay-type":"","overlay-color":"","overlay-opacity":"","overlay-gradient":""},"tablet":{"background-color":"var(--ast-global-color-5)","background-image":"","background-repeat":"repeat","background-position":"center center","background-size":"auto","background-attachment":"scroll","background-type":"","background-media":"","overlay-type":"","overlay-color":"","overlay-opacity":"","overlay-gradient":""},"mobile":{"background-color":"var(--ast-global-color-5)","background-image":"","background-repeat":"repeat","background-position":"center center","background-size":"auto","background-attachment":"scroll","background-type":"","background-media":"","overlay-type":"","overlay-color":"","overlay-opacity":"","overlay-gradient":""}}},"product_brand":[],"product_cat":[24],"product_tag":[],"class_list":{"0":"post-2016","1":"product","2":"type-product","3":"status-publish","4":"has-post-thumbnail","6":"product_cat-formation","7":"desktop-align-left","8":"tablet-align-left","9":"mobile-align-left","11":"first","12":"instock","13":"taxable","14":"shipping-taxable","15":"purchasable","16":"product-type-simple"},"_links":{"self":[{"href":"https:\/\/www.reinedescils-k.fr\/index.php\/wp-json\/wp\/v2\/product\/2016","targetHints":{"allow":["GET"]}}],"collection":[{"href":"https:\/\/www.reinedescils-k.fr\/index.php\/wp-json\/wp\/v2\/product"}],"about":[{"href":"https:\/\/www.reinedescils-k.fr\/index.php\/wp-json\/wp\/v2\/types\/product"}],"wp:featuredmedia":[{"embeddable":true,"href":"https:\/\/www.reinedescils-k.fr\/index.php\/wp-json\/wp\/v2\/media\/2670"}],"wp:attachment":[{"href":"https:\/\/www.reinedescils-k.fr\/index.php\/wp-json\/wp\/v2\/media?parent=2016"}],"wp:term":[{"taxonomy":"product_brand","embeddable":true,"href":"https:\/\/www.reinedescils-k.fr\/index.php\/wp-json\/wp\/v2\/product_brand?post=2016"},{"taxonomy":"product_cat","embeddable":true,"href":"https:\/\/www.reinedescils-k.fr\/index.php\/wp-json\/wp\/v2\/product_cat?post=2016"},{"taxonomy":"product_tag","embeddable":true,"href":"https:\/\/www.reinedescils-k.fr\/index.php\/wp-json\/wp\/v2\/product_tag?post=2016"}],"curies":[{"name":"wp","href":"https:\/\/api.w.org\/{rel}","templated":true}]}}