{"id":2031,"date":"2024-09-20T17:47:37","date_gmt":"2024-09-20T15:47:37","guid":{"rendered":"https:\/\/www.reinedescils-k.fr\/?post_type=product&#038;p=2031"},"modified":"2025-09-30T00:44:28","modified_gmt":"2025-09-29T22:44:28","slug":"formation-air-brush-brows-teinture-des-sourcils-a-laerographe-kit-inclus-1-jour","status":"publish","type":"product","link":"https:\/\/www.reinedescils-k.fr\/index.php\/produit\/formation-air-brush-brows-teinture-des-sourcils-a-laerographe-kit-inclus-1-jour\/","title":{"rendered":"Formation air Brush brows \u00e0 l\u2019aerographe + structuration des sourcils (\u00e0 distance )"},"content":{"rendered":"<p><strong>Le air brush brows est une des derni\u00e8res tendance en mati\u00e8re de teinture des sourcils.<\/strong><\/p>\n<p><strong>Le rendu poudr\u00e9 et joliment d\u00e9grad\u00e9,<\/strong><\/p>\n<p><strong>plus durable dans le temps et beaucoup plus naturel qu&rsquo;une teinture classique vous pouvez oublier le maquillage des sourcils ! <\/strong>\ud83e\udd70<\/p>\n<p><strong>acc\u00e8s au cours th\u00e9orique en pdf + vid\u00e9os d\u00e9taill\u00e9es de la prestation et du mapping des sourcils dans les moindres d\u00e9tails afin de la proposer \u00e0 vos clientes imm\u00e9diatement apr\u00e8s avoir valid\u00e9 votre formation <\/strong><\/p>\n<p><strong>Kit envoy\u00e9 chez vous dans l&rsquo;option \u00ab\u00a0kit inclus\u00a0\u00bb <\/strong><\/p>\n<p><strong>Comment obtenir mon attestation de formation?<\/strong><\/p>\n<p><strong>lorsque vous aurez suivi et mise en pratique la formation, il faudra nous envoyer les photos avant apr\u00e8s de vos 2 mod\u00e8les r\u00e9alis\u00e9es et nous retourner le quizz &nbsp;\u00e9crit .<\/strong><\/p>\n<p><strong>Alors votre attestation de r\u00e9ussite vous sera envoy\u00e9e par e-mail en format imprimable &nbsp;.<\/strong><\/p>\n<p><strong>Quelle sont les dates de la formation ?&nbsp;<\/strong><\/p>\n<p><strong>La formation est enti\u00e8rement en ligne, vous pouvez la commencer imm\u00e9diatement apr\u00e8s l&rsquo;achat ! <\/strong><\/p>\n<p><strong>Le lien de tout les fournisseurs vous ait envoy\u00e9 avec notre code promo ! <\/strong><\/p>\n<p><strong>Vous pouvez prendre tout le temps dont vous avez besoin.<\/strong><\/p>\n<p><strong>L\u2019un des avantages de notre formation en ligne est que vous pouvez organiser votre emploi du temps en toute libert\u00e9.<\/strong><\/p>\n<p><strong>Apprenez quand et o\u00f9 vous voulez.<\/strong><\/p>\n<p><strong>Depuis chez vous , sur votre ordinateur, votre tablette ou votre t\u00e9l\u00e9phone<\/strong><\/p>\n<p><strong>Vous contr\u00f4lez le moment o\u00f9 vous commencez la formation et celui o\u00f9 vous obtenez votre attestation !<\/strong><\/p>\n<p><strong>Pendant combien de temps ai-je acc\u00e8s \u00e0 la formation ?<\/strong><\/p>\n<p><strong>&nbsp;<\/strong><\/p>\n<p><strong>Vous avez acc\u00e8s &nbsp;illimit\u00e9 .<\/strong><\/p>\n<p><strong>Vous pourrez toujours poser des questions via Watsapp.<br \/>\nd\u00e8s que vous avez une question et sans limite de temps votre formatrice reste disponible pour vous r\u00e9pondre<\/strong><\/p>\n<p><strong>Produit digital (fichiers audio \/ vid\u00e9os de formation) ne pouvant faire l\u2019objet ni d\u2019un \u00e9change ni d\u2019un remboursement apr\u00e8s achat Toute reproduction, distribution, ou utilisation des contenus de formation sans autorisation est strictement interdite.<\/strong><\/p>\n","protected":false},"excerpt":{"rendered":"<p>Le air brush brows est une des derni\u00e8res tendance en mati\u00e8re de teinture des sourcils. Le rendu poudr\u00e9 et joliment d\u00e9grad\u00e9, plus durable dans le temps et beaucoup plus naturel qu&rsquo;une teinture classique vous pouvez oublier le maquillage des sourcils ! \ud83e\udd70 acc\u00e8s au cours th\u00e9orique en pdf + vid\u00e9os d\u00e9taill\u00e9es de la prestation et [&hellip;]<\/p>\n","protected":false},"featured_media":2032,"template":"","meta":{"site-sidebar-layout":"default","site-content-layout":"","ast-site-content-layout":"","site-content-style":"default","site-sidebar-style":"default","ast-global-header-display":"","ast-banner-title-visibility":"","ast-main-header-display":"","ast-hfb-above-header-display":"","ast-hfb-below-header-display":"","ast-hfb-mobile-header-display":"","site-post-title":"","ast-breadcrumbs-content":"","ast-featured-img":"","footer-sml-layout":"","theme-transparent-header-meta":"","adv-header-id-meta":"","stick-header-meta":"","header-above-stick-meta":"","header-main-stick-meta":"","header-below-stick-meta":"","astra-migrate-meta-layouts":"default","ast-page-background-enabled":"default","ast-page-background-meta":{"desktop":{"background-color":"var(--ast-global-color-4)","background-image":"","background-repeat":"repeat","background-position":"center center","background-size":"auto","background-attachment":"scroll","background-type":"","background-media":"","overlay-type":"","overlay-color":"","overlay-opacity":"","overlay-gradient":""},"tablet":{"background-color":"","background-image":"","background-repeat":"repeat","background-position":"center center","background-size":"auto","background-attachment":"scroll","background-type":"","background-media":"","overlay-type":"","overlay-color":"","overlay-opacity":"","overlay-gradient":""},"mobile":{"background-color":"","background-image":"","background-repeat":"repeat","background-position":"center center","background-size":"auto","background-attachment":"scroll","background-type":"","background-media":"","overlay-type":"","overlay-color":"","overlay-opacity":"","overlay-gradient":""}},"ast-content-background-meta":{"desktop":{"background-color":"var(--ast-global-color-5)","background-image":"","background-repeat":"repeat","background-position":"center center","background-size":"auto","background-attachment":"scroll","background-type":"","background-media":"","overlay-type":"","overlay-color":"","overlay-opacity":"","overlay-gradient":""},"tablet":{"background-color":"var(--ast-global-color-5)","background-image":"","background-repeat":"repeat","background-position":"center center","background-size":"auto","background-attachment":"scroll","background-type":"","background-media":"","overlay-type":"","overlay-color":"","overlay-opacity":"","overlay-gradient":""},"mobile":{"background-color":"var(--ast-global-color-5)","background-image":"","background-repeat":"repeat","background-position":"center center","background-size":"auto","background-attachment":"scroll","background-type":"","background-media":"","overlay-type":"","overlay-color":"","overlay-opacity":"","overlay-gradient":""}}},"product_brand":[],"product_cat":[26],"product_tag":[],"class_list":{"0":"post-2031","1":"product","2":"type-product","3":"status-publish","4":"has-post-thumbnail","6":"product_cat-formation-a-distance","7":"desktop-align-left","8":"tablet-align-left","9":"mobile-align-left","11":"first","12":"instock","13":"taxable","14":"shipping-taxable","15":"purchasable","16":"product-type-variable"},"_links":{"self":[{"href":"https:\/\/www.reinedescils-k.fr\/index.php\/wp-json\/wp\/v2\/product\/2031","targetHints":{"allow":["GET"]}}],"collection":[{"href":"https:\/\/www.reinedescils-k.fr\/index.php\/wp-json\/wp\/v2\/product"}],"about":[{"href":"https:\/\/www.reinedescils-k.fr\/index.php\/wp-json\/wp\/v2\/types\/product"}],"wp:featuredmedia":[{"embeddable":true,"href":"https:\/\/www.reinedescils-k.fr\/index.php\/wp-json\/wp\/v2\/media\/2032"}],"wp:attachment":[{"href":"https:\/\/www.reinedescils-k.fr\/index.php\/wp-json\/wp\/v2\/media?parent=2031"}],"wp:term":[{"taxonomy":"product_brand","embeddable":true,"href":"https:\/\/www.reinedescils-k.fr\/index.php\/wp-json\/wp\/v2\/product_brand?post=2031"},{"taxonomy":"product_cat","embeddable":true,"href":"https:\/\/www.reinedescils-k.fr\/index.php\/wp-json\/wp\/v2\/product_cat?post=2031"},{"taxonomy":"product_tag","embeddable":true,"href":"https:\/\/www.reinedescils-k.fr\/index.php\/wp-json\/wp\/v2\/product_tag?post=2031"}],"curies":[{"name":"wp","href":"https:\/\/api.w.org\/{rel}","templated":true}]}}