{"id":2037,"date":"2024-09-21T12:47:58","date_gmt":"2024-09-21T10:47:58","guid":{"rendered":"https:\/\/www.reinedescils-k.fr\/index.php\/produit\/formation-air-brush-brows-teinture-des-sourcils-a-laerographe-kit-inclus-1-jour-2\/"},"modified":"2025-07-11T23:42:53","modified_gmt":"2025-07-11T21:42:53","slug":"formation-air-brush-brows-teinture-des-sourcils-a-laerographe-kit-inclus-1-jour-2","status":"publish","type":"product","link":"https:\/\/www.reinedescils-k.fr\/index.php\/produit\/formation-air-brush-brows-teinture-des-sourcils-a-laerographe-kit-inclus-1-jour-2\/","title":{"rendered":"Formation air Brush brows teinture des sourcils \u00e0 l\u2019a\u00e9rographe + kit inclus (1 jour)"},"content":{"rendered":"<p><strong>Pour cette formation nous vous demandons de trouver deux mod\u00e8les. <\/strong><\/p>\n<p><strong>Le air brush brows est une des derni\u00e8res tendance en mati\u00e8re de teinture des sourcils.<\/strong><\/p>\n<p><strong>Le rendu poudr\u00e9 et joliment d\u00e9grad\u00e9,<\/strong><\/p>\n<p><strong>plus durable dans le temps et beaucoup plus naturel qu\u2019une teinture classique vous pouvez oublier le maquillage des sourcils ! <\/strong>\ud83e\udd70<\/p>\n<p><strong>votre kit est inclus avec l&rsquo;aerographe et la meilleure marque de teinture sur le march\u00e9 pour r\u00e9aliser des prestations haut de gamme \u00e0 vos clientes . <\/strong><\/p>\n<p><strong>le cours th\u00e9orique de plus de 40 pages comprenant le mapping et la structuration des sourcils adapt\u00e9 au visage des clients aura lieu d\u00e8s votre arriv\u00e9e en formation <\/strong><\/p>\n<p><strong>Pratique sur deux mod\u00e8les <\/strong><\/p>\n<p><strong>Quelle sont les dates de la formation ?&nbsp;<\/strong><\/p>\n<p><strong>Chaque mois il y&rsquo;a des nouvelles sessions contacter Kim pour d\u00e9finir une date ensemble en DM sur Instagram. <\/strong><\/p>\n","protected":false},"excerpt":{"rendered":"<p>Pour cette formation nous vous demandons de trouver deux mod\u00e8les. Le air brush brows est une des derni\u00e8res tendance en mati\u00e8re de teinture des sourcils. Le rendu poudr\u00e9 et joliment d\u00e9grad\u00e9, plus durable dans le temps et beaucoup plus naturel qu\u2019une teinture classique vous pouvez oublier le maquillage des sourcils ! \ud83e\udd70 votre kit est [&hellip;]<\/p>\n","protected":false},"featured_media":2612,"template":"","meta":{"site-sidebar-layout":"default","site-content-layout":"","ast-site-content-layout":"","site-content-style":"default","site-sidebar-style":"default","ast-global-header-display":"","ast-banner-title-visibility":"","ast-main-header-display":"","ast-hfb-above-header-display":"","ast-hfb-below-header-display":"","ast-hfb-mobile-header-display":"","site-post-title":"","ast-breadcrumbs-content":"","ast-featured-img":"","footer-sml-layout":"","theme-transparent-header-meta":"","adv-header-id-meta":"","stick-header-meta":"","header-above-stick-meta":"","header-main-stick-meta":"","header-below-stick-meta":"","astra-migrate-meta-layouts":"default","ast-page-background-enabled":"default","ast-page-background-meta":{"desktop":{"background-color":"var(--ast-global-color-4)","background-image":"","background-repeat":"repeat","background-position":"center center","background-size":"auto","background-attachment":"scroll","background-type":"","background-media":"","overlay-type":"","overlay-color":"","overlay-opacity":"","overlay-gradient":""},"tablet":{"background-color":"","background-image":"","background-repeat":"repeat","background-position":"center center","background-size":"auto","background-attachment":"scroll","background-type":"","background-media":"","overlay-type":"","overlay-color":"","overlay-opacity":"","overlay-gradient":""},"mobile":{"background-color":"","background-image":"","background-repeat":"repeat","background-position":"center center","background-size":"auto","background-attachment":"scroll","background-type":"","background-media":"","overlay-type":"","overlay-color":"","overlay-opacity":"","overlay-gradient":""}},"ast-content-background-meta":{"desktop":{"background-color":"var(--ast-global-color-5)","background-image":"","background-repeat":"repeat","background-position":"center center","background-size":"auto","background-attachment":"scroll","background-type":"","background-media":"","overlay-type":"","overlay-color":"","overlay-opacity":"","overlay-gradient":""},"tablet":{"background-color":"var(--ast-global-color-5)","background-image":"","background-repeat":"repeat","background-position":"center center","background-size":"auto","background-attachment":"scroll","background-type":"","background-media":"","overlay-type":"","overlay-color":"","overlay-opacity":"","overlay-gradient":""},"mobile":{"background-color":"var(--ast-global-color-5)","background-image":"","background-repeat":"repeat","background-position":"center center","background-size":"auto","background-attachment":"scroll","background-type":"","background-media":"","overlay-type":"","overlay-color":"","overlay-opacity":"","overlay-gradient":""}}},"product_brand":[],"product_cat":[24],"product_tag":[],"class_list":{"0":"post-2037","1":"product","2":"type-product","3":"status-publish","4":"has-post-thumbnail","6":"product_cat-formation","7":"desktop-align-left","8":"tablet-align-left","9":"mobile-align-left","11":"first","12":"instock","13":"taxable","14":"shipping-taxable","15":"purchasable","16":"product-type-simple"},"_links":{"self":[{"href":"https:\/\/www.reinedescils-k.fr\/index.php\/wp-json\/wp\/v2\/product\/2037","targetHints":{"allow":["GET"]}}],"collection":[{"href":"https:\/\/www.reinedescils-k.fr\/index.php\/wp-json\/wp\/v2\/product"}],"about":[{"href":"https:\/\/www.reinedescils-k.fr\/index.php\/wp-json\/wp\/v2\/types\/product"}],"wp:featuredmedia":[{"embeddable":true,"href":"https:\/\/www.reinedescils-k.fr\/index.php\/wp-json\/wp\/v2\/media\/2612"}],"wp:attachment":[{"href":"https:\/\/www.reinedescils-k.fr\/index.php\/wp-json\/wp\/v2\/media?parent=2037"}],"wp:term":[{"taxonomy":"product_brand","embeddable":true,"href":"https:\/\/www.reinedescils-k.fr\/index.php\/wp-json\/wp\/v2\/product_brand?post=2037"},{"taxonomy":"product_cat","embeddable":true,"href":"https:\/\/www.reinedescils-k.fr\/index.php\/wp-json\/wp\/v2\/product_cat?post=2037"},{"taxonomy":"product_tag","embeddable":true,"href":"https:\/\/www.reinedescils-k.fr\/index.php\/wp-json\/wp\/v2\/product_tag?post=2037"}],"curies":[{"name":"wp","href":"https:\/\/api.w.org\/{rel}","templated":true}]}}