{"id":2107,"date":"2024-10-22T01:22:02","date_gmt":"2024-10-21T23:22:02","guid":{"rendered":"https:\/\/www.reinedescils-k.fr\/index.php\/produit\/pack-2-en-1-formation-blanchiment-dentaire-et-strass-dentaire-kit-inclus-a-distance\/"},"modified":"2025-12-10T21:37:02","modified_gmt":"2025-12-10T20:37:02","slug":"pack-2-en-1-formation-blanchiment-dentaire-et-strass-dentaire-kit-inclus-a-distance","status":"publish","type":"product","link":"https:\/\/www.reinedescils-k.fr\/index.php\/produit\/pack-2-en-1-formation-blanchiment-dentaire-et-strass-dentaire-kit-inclus-a-distance\/","title":{"rendered":"Pack 2 en 1 : formation blanchiment dentaire et strass dentaire + kit inclus (\u00e0 distance )"},"content":{"rendered":"<p><strong>Pack 2 en 1 \u2013 Ma\u00eetrisez le blanchiment dentaire cosm\u00e9tique et la pose de strass dentaires <\/strong><\/p>\n<p><strong>Description de la formation<\/strong><\/p>\n<p><strong>Ce pack complet vous permet de r\u00e9aliser 10 blanchiment dentaire et au moins 20 poses de strass dentaires soit en tout 30 prestations ! de mani\u00e8re \u00e0 rentabiliser rapidement votre formation et \u00e0 d\u00e9velopper votre activit\u00e9 professionnelle.<\/strong><\/p>\n<p><strong>Contenu du programme<\/strong><\/p>\n<p><strong>Module Blanchiment Dentaire :<\/strong><\/p>\n<p>\u2714<strong> Pr\u00e9sentation<\/strong><\/p>\n<p>\u2714<strong> Histoire<\/strong><\/p>\n<p>\u2714<strong> Popularit\u00e9<\/strong><\/p>\n<p>\u2714<strong> Quel Gel ?<\/strong><\/p>\n<p>\u2714<strong> R\u00e9glementations (Canada et UE)<\/strong><\/p>\n<p>\u2714<strong> Science des dents<\/strong><\/p>\n<p>\u2714<strong> Options de blanchiment<\/strong><\/p>\n<p>\u2714<strong> Fonctionnement du blanchiment<\/strong><\/p>\n<p>\u2714<strong> Teintes des dents<\/strong><\/p>\n<p>\u2714<strong> Taches dentaires<\/strong><\/p>\n<p>\u2714<strong> Produits utilis\u00e9s<\/strong><\/p>\n<p>\u2714<strong> Facteurs de risque<\/strong><\/p>\n<p>\u2714<strong> Effets secondaires<\/strong><\/p>\n<p>\u2714<strong> Conseils pratiques<\/strong><\/p>\n<p>\u2714<strong> Assainissement<\/strong><\/p>\n<p>\u2714<strong> Normes<\/strong><\/p>\n<p>\u2714<strong> Soins<\/strong><\/p>\n<p>\u2714<strong> Service apr\u00e8s-vente<\/strong><\/p>\n<p><strong>Module Pose de Strass Dentaires :<\/strong><\/p>\n<p>\u25aa<strong> Pose de strass dentaires<\/strong><\/p>\n<p>\u25aa<strong> Mat\u00e9riel n\u00e9cessaire et descriptif<\/strong><\/p>\n<p>\u25aa<strong> Contre-indications<\/strong><\/p>\n<p>\u25aa<strong> Conseils et normes de s\u00e9curit\u00e9<\/strong><\/p>\n<p>\u25aa<strong> Proc\u00e9dure \u00e9tape par \u00e9tape<\/strong><\/p>\n<p>\u25aa<strong> Mod\u00e8les de fiches clients et devis de consentement personnalisables<\/strong><\/p>\n<p><strong>Modalit\u00e9s de la formation<\/strong><\/p>\n<p><strong>\u2022 Formation 100 % en ligne, accessible \u00e0 votre rythme.<\/strong><\/p>\n<p><strong>\u2022 Le kit complet vous est envoy\u00e9 \u00e0 domicile (colis remis contre signature).<\/strong><\/p>\n<p><strong>\u2022 \u00c0 r\u00e9ception du kit, vous recevrez vos cours th\u00e9oriques (2 cours en PDF totalisant plus de 80 pages) ainsi que les vid\u00e9os explicatives des prestations.<\/strong><\/p>\n<p><strong>Obtention de l\u2019attestation de formation<\/strong><\/p>\n<p><strong>Pour valider votre formation et obtenir votre attestation :<\/strong><\/p>\n<p><strong>1. Suivez et mettez en pratique la formation.<\/strong><\/p>\n<p><strong>2. Envoyez-nous les photos avant\/apr\u00e8s de vos deux mod\u00e8les r\u00e9alis\u00e9s.<\/strong><\/p>\n<p><strong>3. Retournez l\u2019\u00e9valuation fournie, attestant de votre bonne compr\u00e9hension du cours.<\/strong><\/p>\n<p><strong>Une fois votre formation valid\u00e9e par notre formatrice, une attestation nominative vous sera envoy\u00e9e par e-mail au format imprimable.<\/strong><\/p>\n<p><strong>Vous pourrez ensuite exercer votre activit\u00e9 <\/strong><\/p>\n<p><strong>Avertissements et pr\u00e9cautions : <\/strong><\/p>\n<p><strong>\u2022 La lampe pour le blanchiment dentaire n\u2019est pas incluse ; nous vous donnons la r\u00e9f\u00e9rence de nos fournisseurs apr\u00e8s achat pour que vous puissiez l&rsquo;acheter. <\/strong><\/p>\n<p><strong>\u2022 Ce pack est destin\u00e9 \u00e0 enseigner l\u2019utilisation de produits cosm\u00e9tiques pour des prestations de blanchiment dentaire dans le respect du cadre l\u00e9gal.<\/strong><\/p>\n<p><strong>\u2022 Les techniques enseign\u00e9es n\u2019impliquent pas d\u2019acte m\u00e9dical et respectent le taux l\u00e9gal de peroxyde d\u2019hydrog\u00e8ne (0.1%) <\/strong><\/p>\n<p><strong>Mentions l\u00e9gales et conditions particuli\u00e8res<\/strong><\/p>\n<p><strong>\u2022 Les contenus de formation (PDF, vid\u00e9os et autres supports) sont prot\u00e9g\u00e9s par le droit d\u2019auteur. Toute reproduction, distribution ou utilisation sans autorisation \u00e9crite pr\u00e9alable est strictement interdite et pourra faire l\u2019objet de poursuites.<\/strong><\/p>\n<p><strong>\u2022 Ce produit, incluant des contenus num\u00e9riques d\u00e9mat\u00e9rialis\u00e9s, ne peut faire l\u2019objet ni d\u2019un remboursement ni d\u2019un \u00e9change, conform\u00e9ment aux dispositions l\u00e9gales en vigueur.<\/strong><\/p>\n<p><strong>\u2022 L\u2019utilisateur assume l\u2019enti\u00e8re responsabilit\u00e9 de l\u2019application des techniques et du respect des consignes d\u2019usage. Il est fortement recommand\u00e9 de suivre scrupuleusement la formation avant d\u2019utiliser les produits afin d\u2019assurer leur s\u00e9curit\u00e9 et leur efficacit\u00e9.<\/strong><\/p>\n","protected":false},"excerpt":{"rendered":"<p>Pack 2 en 1 \u2013 Ma\u00eetrisez le blanchiment dentaire cosm\u00e9tique et la pose de strass dentaires Description de la formation Ce pack complet vous permet de r\u00e9aliser 10 blanchiment dentaire et au moins 20 poses de strass dentaires soit en tout 30 prestations ! de mani\u00e8re \u00e0 rentabiliser rapidement votre formation et \u00e0 d\u00e9velopper votre [&hellip;]<\/p>\n","protected":false},"featured_media":2448,"template":"","meta":{"site-sidebar-layout":"default","site-content-layout":"","ast-site-content-layout":"","site-content-style":"default","site-sidebar-style":"default","ast-global-header-display":"","ast-banner-title-visibility":"","ast-main-header-display":"","ast-hfb-above-header-display":"","ast-hfb-below-header-display":"","ast-hfb-mobile-header-display":"","site-post-title":"","ast-breadcrumbs-content":"","ast-featured-img":"","footer-sml-layout":"","theme-transparent-header-meta":"","adv-header-id-meta":"","stick-header-meta":"","header-above-stick-meta":"","header-main-stick-meta":"","header-below-stick-meta":"","astra-migrate-meta-layouts":"default","ast-page-background-enabled":"default","ast-page-background-meta":{"desktop":{"background-color":"var(--ast-global-color-4)","background-image":"","background-repeat":"repeat","background-position":"center center","background-size":"auto","background-attachment":"scroll","background-type":"","background-media":"","overlay-type":"","overlay-color":"","overlay-opacity":"","overlay-gradient":""},"tablet":{"background-color":"","background-image":"","background-repeat":"repeat","background-position":"center center","background-size":"auto","background-attachment":"scroll","background-type":"","background-media":"","overlay-type":"","overlay-color":"","overlay-opacity":"","overlay-gradient":""},"mobile":{"background-color":"","background-image":"","background-repeat":"repeat","background-position":"center center","background-size":"auto","background-attachment":"scroll","background-type":"","background-media":"","overlay-type":"","overlay-color":"","overlay-opacity":"","overlay-gradient":""}},"ast-content-background-meta":{"desktop":{"background-color":"var(--ast-global-color-5)","background-image":"","background-repeat":"repeat","background-position":"center center","background-size":"auto","background-attachment":"scroll","background-type":"","background-media":"","overlay-type":"","overlay-color":"","overlay-opacity":"","overlay-gradient":""},"tablet":{"background-color":"var(--ast-global-color-5)","background-image":"","background-repeat":"repeat","background-position":"center center","background-size":"auto","background-attachment":"scroll","background-type":"","background-media":"","overlay-type":"","overlay-color":"","overlay-opacity":"","overlay-gradient":""},"mobile":{"background-color":"var(--ast-global-color-5)","background-image":"","background-repeat":"repeat","background-position":"center center","background-size":"auto","background-attachment":"scroll","background-type":"","background-media":"","overlay-type":"","overlay-color":"","overlay-opacity":"","overlay-gradient":""}}},"product_brand":[],"product_cat":[26],"product_tag":[],"class_list":{"0":"post-2107","1":"product","2":"type-product","3":"status-publish","4":"has-post-thumbnail","6":"product_cat-formation-a-distance","7":"desktop-align-left","8":"tablet-align-left","9":"mobile-align-left","11":"first","12":"instock","13":"taxable","14":"shipping-taxable","15":"purchasable","16":"product-type-simple"},"_links":{"self":[{"href":"https:\/\/www.reinedescils-k.fr\/index.php\/wp-json\/wp\/v2\/product\/2107","targetHints":{"allow":["GET"]}}],"collection":[{"href":"https:\/\/www.reinedescils-k.fr\/index.php\/wp-json\/wp\/v2\/product"}],"about":[{"href":"https:\/\/www.reinedescils-k.fr\/index.php\/wp-json\/wp\/v2\/types\/product"}],"wp:featuredmedia":[{"embeddable":true,"href":"https:\/\/www.reinedescils-k.fr\/index.php\/wp-json\/wp\/v2\/media\/2448"}],"wp:attachment":[{"href":"https:\/\/www.reinedescils-k.fr\/index.php\/wp-json\/wp\/v2\/media?parent=2107"}],"wp:term":[{"taxonomy":"product_brand","embeddable":true,"href":"https:\/\/www.reinedescils-k.fr\/index.php\/wp-json\/wp\/v2\/product_brand?post=2107"},{"taxonomy":"product_cat","embeddable":true,"href":"https:\/\/www.reinedescils-k.fr\/index.php\/wp-json\/wp\/v2\/product_cat?post=2107"},{"taxonomy":"product_tag","embeddable":true,"href":"https:\/\/www.reinedescils-k.fr\/index.php\/wp-json\/wp\/v2\/product_tag?post=2107"}],"curies":[{"name":"wp","href":"https:\/\/api.w.org\/{rel}","templated":true}]}}