{"id":2587,"date":"2025-06-24T00:09:32","date_gmt":"2025-06-23T22:09:32","guid":{"rendered":"https:\/\/www.reinedescils-k.fr\/index.php\/produit\/formation-2-en-1-lips-expert-blush-lips-dark-lips\/"},"modified":"2025-11-12T17:25:47","modified_gmt":"2025-11-12T16:25:47","slug":"formation-2-en-1-lips-expert-blush-lips-dark-lips","status":"publish","type":"product","link":"https:\/\/www.reinedescils-k.fr\/index.php\/produit\/formation-2-en-1-lips-expert-blush-lips-dark-lips\/","title":{"rendered":"Pack Lips expert 2 en 1 : Blush Lips &amp; dark Lips (\u00e0 distance )"},"content":{"rendered":"<p>\ud83d\udc8b<strong> Formation \u201cDark Lips &amp; Blush Lips\u201d<\/strong><\/p>\n<p><strong><\/strong><\/p>\n<p><strong>Transforme les l\u00e8vres fonc\u00e9es en l\u00e8vres \u00e9clatantes \u2014 avec une technique douce et donne de la couleur au l\u00e8vres trop p\u00e2les ou sans d\u00e9finition gr\u00e2ce \u00e0 la formation Lips expert ! <\/strong><\/p>\n<p><strong><\/strong><\/p>\n<p>\ud83c\udf93<strong> Ce que tu vas apprendre :<\/strong><\/p>\n<p>\u2705<strong> Neutraliser les l\u00e8vres fonc\u00e9es (Dark Lips) sans traumatiser la peau<\/strong><\/p>\n<p>\u2705<strong> Cr\u00e9er un effet Blush naturel et harmonieux<\/strong><\/p>\n<p>\u2705<strong> Choisir les bons pigments selon la carnation<\/strong><\/p>\n<p>\u2705<strong> R\u00e9ussir tes trac\u00e9s + ma\u00eetrise de la douleur et de la cicatrisation<\/strong><\/p>\n<p>\u2705<strong> Bonus : dossier de consentement &amp; conseils client <\/strong><\/p>\n<p><strong><\/strong><\/p>\n<p>\ud83d\udce6<strong> Inclus dans la formation :<\/strong><\/p>\n<p>\ud83d\udcf9<strong> Acc\u00e8s illimit\u00e9 aux vid\u00e9os HD (plus de 12 vid\u00e9os ) <\/strong><\/p>\n<p>\ud83d\udcd8<strong> Guide th\u00e9orique PDF ultra complet sur les deux techniques <\/strong><\/p>\n<p>\ud83c\udfaf<strong> fiches techniques et protocoles \u00e9tape par \u00e9tape<\/strong><\/p>\n<p>\ud83d\udce4<strong> suivi imm\u00e9diat avec la formatrice via watsapp en illimit\u00e9 <\/strong><\/p>\n<p><strong>liste des fournisseurs <\/strong><\/p>\n<p>\ud83d\udcb0<strong> Objectif : Te permettre d\u2019ajouter une prestation haut de gamme et tr\u00e8s demand\u00e9e dans ton institut, avec un retour sur investissement ultra rapide. <\/strong><\/p>\n<p>\ud83d\udd25<strong> Cette formation est faite pour toi si :<\/strong><\/p>\n<p><strong>\u2022\tTu veux te d\u00e9marquer avec une technique tendance <\/strong><\/p>\n<p><strong>\u2022\tTu travailles d\u00e9j\u00e0 en pigmentation (sourcils,&#8230;) mais tu veux passer un cap <\/strong><\/p>\n<p><strong>\u2022\tTu veux attirer une client\u00e8le plus large <\/strong><\/p>\n<p><strong><\/strong><\/p>\n","protected":false},"excerpt":{"rendered":"<p>\ud83d\udc8b Formation \u201cDark Lips &amp; Blush Lips\u201d Transforme les l\u00e8vres fonc\u00e9es en l\u00e8vres \u00e9clatantes \u2014 avec une technique douce et donne de la couleur au l\u00e8vres trop p\u00e2les ou sans d\u00e9finition gr\u00e2ce \u00e0 la formation Lips expert ! \ud83c\udf93 Ce que tu vas apprendre : \u2705 Neutraliser les l\u00e8vres fonc\u00e9es (Dark Lips) sans traumatiser la [&hellip;]<\/p>\n","protected":false},"featured_media":2611,"template":"","meta":{"site-sidebar-layout":"default","site-content-layout":"","ast-site-content-layout":"","site-content-style":"default","site-sidebar-style":"default","ast-global-header-display":"","ast-banner-title-visibility":"","ast-main-header-display":"","ast-hfb-above-header-display":"","ast-hfb-below-header-display":"","ast-hfb-mobile-header-display":"","site-post-title":"","ast-breadcrumbs-content":"","ast-featured-img":"","footer-sml-layout":"","theme-transparent-header-meta":"","adv-header-id-meta":"","stick-header-meta":"","header-above-stick-meta":"","header-main-stick-meta":"","header-below-stick-meta":"","astra-migrate-meta-layouts":"default","ast-page-background-enabled":"default","ast-page-background-meta":{"desktop":{"background-color":"var(--ast-global-color-4)","background-image":"","background-repeat":"repeat","background-position":"center center","background-size":"auto","background-attachment":"scroll","background-type":"","background-media":"","overlay-type":"","overlay-color":"","overlay-opacity":"","overlay-gradient":""},"tablet":{"background-color":"","background-image":"","background-repeat":"repeat","background-position":"center center","background-size":"auto","background-attachment":"scroll","background-type":"","background-media":"","overlay-type":"","overlay-color":"","overlay-opacity":"","overlay-gradient":""},"mobile":{"background-color":"","background-image":"","background-repeat":"repeat","background-position":"center center","background-size":"auto","background-attachment":"scroll","background-type":"","background-media":"","overlay-type":"","overlay-color":"","overlay-opacity":"","overlay-gradient":""}},"ast-content-background-meta":{"desktop":{"background-color":"var(--ast-global-color-5)","background-image":"","background-repeat":"repeat","background-position":"center center","background-size":"auto","background-attachment":"scroll","background-type":"","background-media":"","overlay-type":"","overlay-color":"","overlay-opacity":"","overlay-gradient":""},"tablet":{"background-color":"var(--ast-global-color-5)","background-image":"","background-repeat":"repeat","background-position":"center center","background-size":"auto","background-attachment":"scroll","background-type":"","background-media":"","overlay-type":"","overlay-color":"","overlay-opacity":"","overlay-gradient":""},"mobile":{"background-color":"var(--ast-global-color-5)","background-image":"","background-repeat":"repeat","background-position":"center center","background-size":"auto","background-attachment":"scroll","background-type":"","background-media":"","overlay-type":"","overlay-color":"","overlay-opacity":"","overlay-gradient":""}}},"product_brand":[],"product_cat":[15],"product_tag":[],"class_list":{"0":"post-2587","1":"product","2":"type-product","3":"status-publish","4":"has-post-thumbnail","6":"product_cat-non-classe","7":"desktop-align-left","8":"tablet-align-left","9":"mobile-align-left","11":"first","12":"instock","13":"taxable","14":"shipping-taxable","15":"purchasable","16":"product-type-simple"},"_links":{"self":[{"href":"https:\/\/www.reinedescils-k.fr\/index.php\/wp-json\/wp\/v2\/product\/2587","targetHints":{"allow":["GET"]}}],"collection":[{"href":"https:\/\/www.reinedescils-k.fr\/index.php\/wp-json\/wp\/v2\/product"}],"about":[{"href":"https:\/\/www.reinedescils-k.fr\/index.php\/wp-json\/wp\/v2\/types\/product"}],"wp:featuredmedia":[{"embeddable":true,"href":"https:\/\/www.reinedescils-k.fr\/index.php\/wp-json\/wp\/v2\/media\/2611"}],"wp:attachment":[{"href":"https:\/\/www.reinedescils-k.fr\/index.php\/wp-json\/wp\/v2\/media?parent=2587"}],"wp:term":[{"taxonomy":"product_brand","embeddable":true,"href":"https:\/\/www.reinedescils-k.fr\/index.php\/wp-json\/wp\/v2\/product_brand?post=2587"},{"taxonomy":"product_cat","embeddable":true,"href":"https:\/\/www.reinedescils-k.fr\/index.php\/wp-json\/wp\/v2\/product_cat?post=2587"},{"taxonomy":"product_tag","embeddable":true,"href":"https:\/\/www.reinedescils-k.fr\/index.php\/wp-json\/wp\/v2\/product_tag?post=2587"}],"curies":[{"name":"wp","href":"https:\/\/api.w.org\/{rel}","templated":true}]}}