{"id":2768,"date":"2025-10-14T20:34:42","date_gmt":"2025-10-14T18:34:42","guid":{"rendered":"https:\/\/www.reinedescils-k.fr\/index.php\/produit\/formation-en-ligne-lash-lift-coreen\/"},"modified":"2026-02-01T23:09:46","modified_gmt":"2026-02-01T22:09:46","slug":"formation-en-ligne-lash-lift-coreen","status":"publish","type":"product","link":"https:\/\/www.reinedescils-k.fr\/index.php\/produit\/formation-en-ligne-lash-lift-coreen\/","title":{"rendered":"Lash Lift Cor\u00e9en et teinture + kit inclus (\u00e0 distance )"},"content":{"rendered":"<p><strong>Apprends la technique cor\u00e9enne du rehaussement de cils, 100 % en ligne depuis chez toi. <\/strong><\/p>\n<p><strong><\/strong><\/p>\n<p><strong>D\u00e9couvre une m\u00e9thode haut de gamme inspir\u00e9e des instituts cor\u00e9ens, pour obtenir un effet lift\u00e9, brillant et naturel sans extensions.<\/strong><\/p>\n<p><strong>Cette formule est con\u00e7ue pour t\u2019apprendre pas \u00e0 pas la technique compl\u00e8te, m\u00eame si tu d\u00e9butes.<\/strong><\/p>\n<p><strong><\/strong><\/p>\n<p>\ud83d\udcbb<strong> Ce que tu vas recevoir :<\/strong><\/p>\n<p><strong><\/strong><\/p>\n<p>\u2705<strong> un lien avec 5 vid\u00e9os d\u00e9taill\u00e9es de la proc\u00e9dure \u2014 chaque \u00e9tape expliqu\u00e9e en d\u00e9tail pour ma\u00eetriser parfaitement la technique.<\/strong><\/p>\n<p>\u2705<strong> Suivi personnalis\u00e9 sur WhatsApp \u2014 tu pourras poser toutes tes questions directement l\u00e0-bas .<\/strong><\/p>\n<p>\u2705<strong> Liste des fournisseurs + code promo \u2014 gagne du temps et \u00e9conomise sur ton mat\u00e9riel professionnel ainsi que ton kit qui permet de faire au moins 10 prestations <\/strong><\/p>\n<p>\u2705<strong> Certificat de r\u00e9ussite \u2014 remis apr\u00e8s la r\u00e9alisation de 2 mod\u00e8les pour valider ta formation.<\/strong><\/p>\n<p>\u2705<strong> Un livret complet de 32 pages \u2014 toutes les informations techniques, les conseils d\u2019entretien et les erreurs \u00e0 \u00e9viter.<\/strong><\/p>\n<p><strong><\/strong><\/p>\n<p><strong><\/strong><\/p>\n<p><strong><\/strong><\/p>\n<p><strong><\/strong><\/p>\n<p>\ud83c\udfaf<strong> Objectif<\/strong><\/p>\n<p><strong><\/strong><\/p>\n<p><strong><\/strong><\/p>\n<p><strong>Deviens experte en Lash Lift Cor\u00e9en et propose \u00e0 tes clientes une prestation naturelle, rentable et hautement qualitative.<\/strong><\/p>\n<p><strong>Cette m\u00e9thode te permettra de sublimer le regard tout en respectant la sant\u00e9 des cils.<\/strong><\/p>\n<p><strong>Important : <\/strong><\/p>\n<ul style=\"font-style: normal;font-weight: 400;letter-spacing: normal;text-align: start;text-indent: 0px;text-transform: none;text-decoration: none\">\n<li><span><strong>En raison de la nature du produit (kit beaut\u00e9 et contenu digital exclusif), aucun retour ou \u00e9change ne peut \u00eatre effectu\u00e9.<\/strong><\/span><\/li>\n<li><span><strong>Conform\u00e9ment \u00e0 l\u2019article L221-28 du Code de la consommation, le droit de r\u00e9tractation ne s\u2019applique pas aux contenus num\u00e9riques fournis imm\u00e9diatement apr\u00e8s l\u2019achat.<\/strong><\/span><\/li>\n<\/ul>\n","protected":false},"excerpt":{"rendered":"<p>Apprends la technique cor\u00e9enne du rehaussement de cils, 100 % en ligne depuis chez toi. D\u00e9couvre une m\u00e9thode haut de gamme inspir\u00e9e des instituts cor\u00e9ens, pour obtenir un effet lift\u00e9, brillant et naturel sans extensions. Cette formule est con\u00e7ue pour t\u2019apprendre pas \u00e0 pas la technique compl\u00e8te, m\u00eame si tu d\u00e9butes. \ud83d\udcbb Ce que tu [&hellip;]<\/p>\n","protected":false},"featured_media":2874,"template":"","meta":{"site-sidebar-layout":"default","site-content-layout":"","ast-site-content-layout":"","site-content-style":"default","site-sidebar-style":"default","ast-global-header-display":"","ast-banner-title-visibility":"","ast-main-header-display":"","ast-hfb-above-header-display":"","ast-hfb-below-header-display":"","ast-hfb-mobile-header-display":"","site-post-title":"","ast-breadcrumbs-content":"","ast-featured-img":"","footer-sml-layout":"","theme-transparent-header-meta":"","adv-header-id-meta":"","stick-header-meta":"","header-above-stick-meta":"","header-main-stick-meta":"","header-below-stick-meta":"","astra-migrate-meta-layouts":"default","ast-page-background-enabled":"default","ast-page-background-meta":{"desktop":{"background-color":"var(--ast-global-color-4)","background-image":"","background-repeat":"repeat","background-position":"center center","background-size":"auto","background-attachment":"scroll","background-type":"","background-media":"","overlay-type":"","overlay-color":"","overlay-opacity":"","overlay-gradient":""},"tablet":{"background-color":"","background-image":"","background-repeat":"repeat","background-position":"center center","background-size":"auto","background-attachment":"scroll","background-type":"","background-media":"","overlay-type":"","overlay-color":"","overlay-opacity":"","overlay-gradient":""},"mobile":{"background-color":"","background-image":"","background-repeat":"repeat","background-position":"center center","background-size":"auto","background-attachment":"scroll","background-type":"","background-media":"","overlay-type":"","overlay-color":"","overlay-opacity":"","overlay-gradient":""}},"ast-content-background-meta":{"desktop":{"background-color":"var(--ast-global-color-5)","background-image":"","background-repeat":"repeat","background-position":"center center","background-size":"auto","background-attachment":"scroll","background-type":"","background-media":"","overlay-type":"","overlay-color":"","overlay-opacity":"","overlay-gradient":""},"tablet":{"background-color":"var(--ast-global-color-5)","background-image":"","background-repeat":"repeat","background-position":"center center","background-size":"auto","background-attachment":"scroll","background-type":"","background-media":"","overlay-type":"","overlay-color":"","overlay-opacity":"","overlay-gradient":""},"mobile":{"background-color":"var(--ast-global-color-5)","background-image":"","background-repeat":"repeat","background-position":"center center","background-size":"auto","background-attachment":"scroll","background-type":"","background-media":"","overlay-type":"","overlay-color":"","overlay-opacity":"","overlay-gradient":""}}},"product_brand":[],"product_cat":[26,15],"product_tag":[],"class_list":{"0":"post-2768","1":"product","2":"type-product","3":"status-publish","4":"has-post-thumbnail","6":"product_cat-formation-a-distance","7":"product_cat-non-classe","8":"desktop-align-left","9":"tablet-align-left","10":"mobile-align-left","12":"first","13":"instock","14":"virtual","15":"taxable","16":"purchasable","17":"product-type-simple"},"_links":{"self":[{"href":"https:\/\/www.reinedescils-k.fr\/index.php\/wp-json\/wp\/v2\/product\/2768","targetHints":{"allow":["GET"]}}],"collection":[{"href":"https:\/\/www.reinedescils-k.fr\/index.php\/wp-json\/wp\/v2\/product"}],"about":[{"href":"https:\/\/www.reinedescils-k.fr\/index.php\/wp-json\/wp\/v2\/types\/product"}],"wp:featuredmedia":[{"embeddable":true,"href":"https:\/\/www.reinedescils-k.fr\/index.php\/wp-json\/wp\/v2\/media\/2874"}],"wp:attachment":[{"href":"https:\/\/www.reinedescils-k.fr\/index.php\/wp-json\/wp\/v2\/media?parent=2768"}],"wp:term":[{"taxonomy":"product_brand","embeddable":true,"href":"https:\/\/www.reinedescils-k.fr\/index.php\/wp-json\/wp\/v2\/product_brand?post=2768"},{"taxonomy":"product_cat","embeddable":true,"href":"https:\/\/www.reinedescils-k.fr\/index.php\/wp-json\/wp\/v2\/product_cat?post=2768"},{"taxonomy":"product_tag","embeddable":true,"href":"https:\/\/www.reinedescils-k.fr\/index.php\/wp-json\/wp\/v2\/product_tag?post=2768"}],"curies":[{"name":"wp","href":"https:\/\/api.w.org\/{rel}","templated":true}]}}