{"id":2825,"date":"2025-11-10T01:18:19","date_gmt":"2025-11-10T00:18:19","guid":{"rendered":"https:\/\/www.reinedescils-k.fr\/index.php\/produit\/8-pack-4-en-1-air-brush-browsbrows-lifthenna-brows-et-restructuration-kit-inclus-sur-place-2-jours\/"},"modified":"2025-11-10T01:26:36","modified_gmt":"2025-11-10T00:26:36","slug":"8-pack-4-en-1-air-brush-browsbrows-lifthenna-brows-et-restructuration-kit-inclus-sur-place-2-jours","status":"publish","type":"product","link":"https:\/\/www.reinedescils-k.fr\/index.php\/produit\/8-pack-4-en-1-air-brush-browsbrows-lifthenna-brows-et-restructuration-kit-inclus-sur-place-2-jours\/","title":{"rendered":"Pack 4 en 1 air brush brows,brows lift,henna brows et restructuration + kit inclus sur place (2 jours)"},"content":{"rendered":"<p><strong>D\u00e9couvrez le Pack Sourcils Sourcils 4 en 1, id\u00e9al pour ma\u00eetriser : <\/strong><\/p>\n<p>\u2728<strong> Le Brows Lift (avec restructuration et teinture des sourcils avec mapping)<\/strong><\/p>\n<p>\u2728<strong> La technique Airbrush Brows avec a\u00e9rographe<\/strong><\/p>\n<p>\u2728<strong>La technique du henna brows\u00a0<\/strong><\/p>\n<p>\u2728<strong> La restructuration et le mapping des sourcils \u00a0<\/strong><\/p>\n<p><strong>Ce pack complet a \u00e9t\u00e9 pens\u00e9 pour vous permettre de pratiquer imm\u00e9diatement gr\u00e2ce au kit et \u00e0 l\u2019expertise que vous allez apprendre . <\/strong><\/p>\n<p>&nbsp;<\/p>\n<p><strong>Ce que contient la formule:<\/strong><\/p>\n<p>&nbsp;<\/p>\n<p>\ud83c\udf80<strong> Un kit professionnel complet <\/strong><\/p>\n<p>\ud83d\udcd8<strong> 3 guides beaut\u00e9 exclusif expliquant pas \u00e0 pas le mapping, la structuration et les trois techniques\u00a0<\/strong><\/p>\n<p>\ud83c\udf93<strong> Le certificat de r\u00e9ussite en fin de session<\/strong><\/p>\n<p>\ud83e\ude84<strong>Pratique sur 4 mod\u00e8les <\/strong><\/p>\n<p>\ud83c\udfac<strong>Prise de contenu vid\u00e9os \/photos durant la pratique pour lancer votre page <\/strong><\/p>\n<p>\ud83d\udcac<strong> Un accompagnement personnalis\u00e9 via WhatsApp, pour poser vos questions et recevoir des conseils individualis\u00e9s \u00e0 tout moment vous n\u2019\u00eates pas seul.\u00a0<\/strong><\/p>\n<p><strong>Apprenez \u00e0 structurer et sublimer tous les types de sourcils gr\u00e2ce aux bases du visagisme.<\/strong><\/p>\n","protected":false},"excerpt":{"rendered":"<p>D\u00e9couvrez le Pack Sourcils Sourcils 4 en 1, id\u00e9al pour ma\u00eetriser : \u2728 Le Brows Lift (avec restructuration et teinture des sourcils avec mapping) \u2728 La technique Airbrush Brows avec a\u00e9rographe \u2728La technique du henna brows\u00a0 \u2728 La restructuration et le mapping des sourcils \u00a0 Ce pack complet a \u00e9t\u00e9 pens\u00e9 pour vous permettre de [&hellip;]<\/p>\n","protected":false},"featured_media":2823,"template":"","meta":{"site-sidebar-layout":"default","site-content-layout":"","ast-site-content-layout":"default","site-content-style":"default","site-sidebar-style":"default","ast-global-header-display":"","ast-banner-title-visibility":"","ast-main-header-display":"","ast-hfb-above-header-display":"","ast-hfb-below-header-display":"","ast-hfb-mobile-header-display":"","site-post-title":"","ast-breadcrumbs-content":"","ast-featured-img":"","footer-sml-layout":"","theme-transparent-header-meta":"default","adv-header-id-meta":"","stick-header-meta":"","header-above-stick-meta":"","header-main-stick-meta":"","header-below-stick-meta":"","astra-migrate-meta-layouts":"set","ast-page-background-enabled":"default","ast-page-background-meta":{"desktop":{"background-color":"var(--ast-global-color-4)","background-image":"","background-repeat":"repeat","background-position":"center center","background-size":"auto","background-attachment":"scroll","background-type":"","background-media":"","overlay-type":"","overlay-color":"","overlay-opacity":"","overlay-gradient":""},"tablet":{"background-color":"","background-image":"","background-repeat":"repeat","background-position":"center center","background-size":"auto","background-attachment":"scroll","background-type":"","background-media":"","overlay-type":"","overlay-color":"","overlay-opacity":"","overlay-gradient":""},"mobile":{"background-color":"","background-image":"","background-repeat":"repeat","background-position":"center center","background-size":"auto","background-attachment":"scroll","background-type":"","background-media":"","overlay-type":"","overlay-color":"","overlay-opacity":"","overlay-gradient":""}},"ast-content-background-meta":{"desktop":{"background-color":"var(--ast-global-color-5)","background-image":"","background-repeat":"repeat","background-position":"center center","background-size":"auto","background-attachment":"scroll","background-type":"","background-media":"","overlay-type":"","overlay-color":"","overlay-opacity":"","overlay-gradient":""},"tablet":{"background-color":"var(--ast-global-color-5)","background-image":"","background-repeat":"repeat","background-position":"center center","background-size":"auto","background-attachment":"scroll","background-type":"","background-media":"","overlay-type":"","overlay-color":"","overlay-opacity":"","overlay-gradient":""},"mobile":{"background-color":"var(--ast-global-color-5)","background-image":"","background-repeat":"repeat","background-position":"center center","background-size":"auto","background-attachment":"scroll","background-type":"","background-media":"","overlay-type":"","overlay-color":"","overlay-opacity":"","overlay-gradient":""}}},"product_brand":[],"product_cat":[15],"product_tag":[],"class_list":{"0":"post-2825","1":"product","2":"type-product","3":"status-publish","4":"has-post-thumbnail","6":"product_cat-non-classe","7":"desktop-align-left","8":"tablet-align-left","9":"mobile-align-left","11":"first","12":"instock","13":"taxable","14":"shipping-taxable","15":"purchasable","16":"product-type-simple"},"_links":{"self":[{"href":"https:\/\/www.reinedescils-k.fr\/index.php\/wp-json\/wp\/v2\/product\/2825","targetHints":{"allow":["GET"]}}],"collection":[{"href":"https:\/\/www.reinedescils-k.fr\/index.php\/wp-json\/wp\/v2\/product"}],"about":[{"href":"https:\/\/www.reinedescils-k.fr\/index.php\/wp-json\/wp\/v2\/types\/product"}],"wp:featuredmedia":[{"embeddable":true,"href":"https:\/\/www.reinedescils-k.fr\/index.php\/wp-json\/wp\/v2\/media\/2823"}],"wp:attachment":[{"href":"https:\/\/www.reinedescils-k.fr\/index.php\/wp-json\/wp\/v2\/media?parent=2825"}],"wp:term":[{"taxonomy":"product_brand","embeddable":true,"href":"https:\/\/www.reinedescils-k.fr\/index.php\/wp-json\/wp\/v2\/product_brand?post=2825"},{"taxonomy":"product_cat","embeddable":true,"href":"https:\/\/www.reinedescils-k.fr\/index.php\/wp-json\/wp\/v2\/product_cat?post=2825"},{"taxonomy":"product_tag","embeddable":true,"href":"https:\/\/www.reinedescils-k.fr\/index.php\/wp-json\/wp\/v2\/product_tag?post=2825"}],"curies":[{"name":"wp","href":"https:\/\/api.w.org\/{rel}","templated":true}]}}