{"id":530,"date":"2021-10-19T15:52:54","date_gmt":"2021-10-19T13:52:54","guid":{"rendered":"https:\/\/www.reinedescils-k.fr\/?post_type=product&#038;p=530"},"modified":"2025-11-12T17:18:35","modified_gmt":"2025-11-12T16:18:35","slug":"formation-extensions-de-cils-2-jours","status":"publish","type":"product","link":"https:\/\/www.reinedescils-k.fr\/index.php\/produit\/formation-extensions-de-cils-2-jours\/","title":{"rendered":"pack 3 en 1 : cil a cil + pose mixte et volume russe + kit inclus sur place (2 jours)"},"content":{"rendered":"<p><strong>Extensions de Cils 3 en 1 avec kit inclus<\/strong><\/p>\n<p><strong> (Le kit permet de faire 20 prestations pour rentabiliser rapidement votre activit\u00e9 ) <\/strong><\/p>\n<p><strong><\/strong><\/p>\n<p><strong>Description : <\/strong><\/p>\n<p><strong>\u2022 Session priv\u00e9e avec un \u00e9l\u00e8ve par session pour un apprentissage de qualit\u00e9 <\/strong><\/p>\n<p><strong>\u2022 Jour 1 :<\/strong><\/p>\n<p><strong>\u2022 m\u00e9thode \u00ab cil \u00e0 cil \u00bb avec pose compl\u00e8te, les techniques classique naturelle,compl\u00e8te et les diff\u00e9rents mapping de cils , la d\u00e9pose , le shampoing , la pr\u00e9paration des cils. <\/strong><\/p>\n<p><strong>Mise en pratique sur  mod\u00e8le l&rsquo;apr\u00e8s midi<\/strong><\/p>\n<p><strong>\u2022 Jour 2 :<\/strong><\/p>\n<p><strong>\u2022 Ma\u00eetrise de la m\u00e9thode volume russe  pour cr\u00e9er vos bouquets, ainsi que la pose mixte regroupant les deux techniques,les diff\u00e9rents types de bouquets , de courbures et d&rsquo;\u00e9paisseur,les diff\u00e9rentes poses de cils pour un programme ultra complet.<\/strong><\/p>\n<p><strong>Mise en pratique l&rsquo;apr\u00e8s midi sur une mod\u00e8le <\/strong><\/p>\n<p><strong><\/strong><\/p>\n<p><strong>Contenu et objectifs<\/strong><\/p>\n<p><strong>\u2022 Le kit complet est inclus dans le tarif.<\/strong><\/p>\n<p><strong>\u2022 De la technique de pose jusqu\u2019aux soins apport\u00e9s \u00e0 la cliente, devenez experte et professionnelle de la pose d\u2019extensions de cils.<\/strong><\/p>\n<p><strong>\u2022 Id\u00e9ale pour apprendre \u00e0 la perfection les bonnes m\u00e9thodes et les bons gestes.<\/strong><\/p>\n<p><strong><\/strong><\/p>\n<p><strong>Module compl\u00e9mentaire : <\/strong><\/p>\n<p><strong>\u2022 Un module d\u00e9di\u00e9 au d\u00e9veloppement de vos r\u00e9seaux sociaux vous apporte des conseils strat\u00e9giques pour promouvoir votre nouveau business.<\/strong><\/p>\n<p><strong>l&rsquo;attestation de r\u00e9ussite vous sera remise en fin de journ\u00e9e <\/strong><\/p>\n<p><strong>Informations compl\u00e9mentaires : <\/strong><\/p>\n<p><strong>\u2022 Vous pouvez, si vous le souhaitez, apporter vos propres mod\u00e8les pour la formation ; dans ce cas, veuillez en informer Kim <\/strong><\/p>\n","protected":false},"excerpt":{"rendered":"<p>Extensions de Cils 3 en 1 avec kit inclus (Le kit permet de faire 20 prestations pour rentabiliser rapidement votre activit\u00e9 ) Description : \u2022 Session priv\u00e9e avec un \u00e9l\u00e8ve par session pour un apprentissage de qualit\u00e9 \u2022 Jour 1 : \u2022 m\u00e9thode \u00ab cil \u00e0 cil \u00bb avec pose compl\u00e8te, les techniques classique naturelle,compl\u00e8te [&hellip;]<\/p>\n","protected":false},"featured_media":2700,"template":"","meta":{"site-sidebar-layout":"default","site-content-layout":"default","ast-site-content-layout":"default","site-content-style":"default","site-sidebar-style":"default","ast-global-header-display":"","ast-banner-title-visibility":"","ast-main-header-display":"","ast-hfb-above-header-display":"","ast-hfb-below-header-display":"","ast-hfb-mobile-header-display":"","site-post-title":"","ast-breadcrumbs-content":"","ast-featured-img":"","footer-sml-layout":"","theme-transparent-header-meta":"default","adv-header-id-meta":"","stick-header-meta":"","header-above-stick-meta":"","header-main-stick-meta":"","header-below-stick-meta":"","astra-migrate-meta-layouts":"set","ast-page-background-enabled":"default","ast-page-background-meta":{"desktop":{"background-color":"var(--ast-global-color-4)","background-image":"","background-repeat":"repeat","background-position":"center center","background-size":"auto","background-attachment":"scroll","background-type":"","background-media":"","overlay-type":"","overlay-color":"","overlay-opacity":"","overlay-gradient":""},"tablet":{"background-color":"","background-image":"","background-repeat":"repeat","background-position":"center center","background-size":"auto","background-attachment":"scroll","background-type":"","background-media":"","overlay-type":"","overlay-color":"","overlay-opacity":"","overlay-gradient":""},"mobile":{"background-color":"","background-image":"","background-repeat":"repeat","background-position":"center center","background-size":"auto","background-attachment":"scroll","background-type":"","background-media":"","overlay-type":"","overlay-color":"","overlay-opacity":"","overlay-gradient":""}},"ast-content-background-meta":{"desktop":{"background-color":"var(--ast-global-color-5)","background-image":"","background-repeat":"repeat","background-position":"center center","background-size":"auto","background-attachment":"scroll","background-type":"","background-media":"","overlay-type":"","overlay-color":"","overlay-opacity":"","overlay-gradient":""},"tablet":{"background-color":"var(--ast-global-color-5)","background-image":"","background-repeat":"repeat","background-position":"center center","background-size":"auto","background-attachment":"scroll","background-type":"","background-media":"","overlay-type":"","overlay-color":"","overlay-opacity":"","overlay-gradient":""},"mobile":{"background-color":"var(--ast-global-color-5)","background-image":"","background-repeat":"repeat","background-position":"center center","background-size":"auto","background-attachment":"scroll","background-type":"","background-media":"","overlay-type":"","overlay-color":"","overlay-opacity":"","overlay-gradient":""}}},"product_brand":[],"product_cat":[15],"product_tag":[],"class_list":{"0":"post-530","1":"product","2":"type-product","3":"status-publish","4":"has-post-thumbnail","6":"product_cat-non-classe","7":"desktop-align-left","8":"tablet-align-left","9":"mobile-align-left","11":"first","12":"instock","13":"taxable","14":"shipping-taxable","15":"purchasable","16":"product-type-simple"},"_links":{"self":[{"href":"https:\/\/www.reinedescils-k.fr\/index.php\/wp-json\/wp\/v2\/product\/530","targetHints":{"allow":["GET"]}}],"collection":[{"href":"https:\/\/www.reinedescils-k.fr\/index.php\/wp-json\/wp\/v2\/product"}],"about":[{"href":"https:\/\/www.reinedescils-k.fr\/index.php\/wp-json\/wp\/v2\/types\/product"}],"wp:featuredmedia":[{"embeddable":true,"href":"https:\/\/www.reinedescils-k.fr\/index.php\/wp-json\/wp\/v2\/media\/2700"}],"wp:attachment":[{"href":"https:\/\/www.reinedescils-k.fr\/index.php\/wp-json\/wp\/v2\/media?parent=530"}],"wp:term":[{"taxonomy":"product_brand","embeddable":true,"href":"https:\/\/www.reinedescils-k.fr\/index.php\/wp-json\/wp\/v2\/product_brand?post=530"},{"taxonomy":"product_cat","embeddable":true,"href":"https:\/\/www.reinedescils-k.fr\/index.php\/wp-json\/wp\/v2\/product_cat?post=530"},{"taxonomy":"product_tag","embeddable":true,"href":"https:\/\/www.reinedescils-k.fr\/index.php\/wp-json\/wp\/v2\/product_tag?post=530"}],"curies":[{"name":"wp","href":"https:\/\/api.w.org\/{rel}","templated":true}]}}