{"id":543,"date":"2021-10-20T14:16:55","date_gmt":"2021-10-20T12:16:55","guid":{"rendered":"https:\/\/www.reinedescils-k.fr\/?post_type=product&#038;p=543"},"modified":"2025-11-12T17:25:25","modified_gmt":"2025-11-12T16:25:25","slug":"formation-blush-lips-avec-kit","status":"publish","type":"product","link":"https:\/\/www.reinedescils-k.fr\/index.php\/produit\/formation-blush-lips-avec-kit\/","title":{"rendered":"Pack Lips expert 2 en 1 : Dark lips et Blush Lips + kit inclus ( 2 jours )"},"content":{"rendered":"<p><strong><\/p>\n<section class=\"elementor-section elementor-top-section elementor-element elementor-element-fd60fcf elementor-section-boxed elementor-section-height-default elementor-section-height-default qodef-elementor-content-no\" data-id=\"fd60fcf\" data-element_type=\"section\">\n<div class=\"elementor-container elementor-column-gap-default\">\n<div class=\"elementor-column elementor-col-100 elementor-top-column elementor-element elementor-element-bd350d6\" data-id=\"bd350d6\" data-element_type=\"column\">\n<div class=\"elementor-widget-wrap elementor-element-populated\">\n<div class=\"elementor-element elementor-element-dfbd00d elementor-widget elementor-widget-text-editor\" data-id=\"dfbd00d\" data-element_type=\"widget\" data-widget_type=\"text-editor.default\">\n<div class=\"elementor-widget-container\">\n<h5><span style=\"font-size: 1.2em;font-weight: bold\">Le lip blush &nbsp;est une dermopigmentation des l\u00e8vres, c\u2019est un&nbsp;<\/span><b style=\"font-size: 1.2em;font-style: inherit\">maquillage permanent dans lequel une machine et une cartouche d&rsquo;aiguilles sont utilis\u00e9es pour d\u00e9poser un pigment dans les l\u00e8vres afin de les colorer .le dark lips est une technique de neutralisation des l\u00e8vres fonc\u00e9es&nbsp;<\/b><\/h5>\n<p>&nbsp;<\/p>\n<h4>Programme :<\/h4>\n<p>&nbsp;<\/p>\n<ul>\n<li>L\u00e9gislation de la dermopigmentation<\/li>\n<li>Morphologie des l\u00e8vres<\/li>\n<li>Mat\u00e9riel et consommables<\/li>\n<li>Hygi\u00e8ne et s\u00e9curit\u00e9<\/li>\n<li>Indications et limites de la pigmentation<\/li>\n<li>Marketing : fid\u00e9lisation de la client\u00e8le, conseils et prix de la prestation<\/li>\n<li>Documents de consentement<\/li>\n<li>Comment neutraliser les l\u00e8vres fonc\u00e9es ?<\/li>\n<li>Photo avant et apr\u00e8s<\/li>\n<li>Colorim\u00e9trie et pigments<\/li>\n<li>Accompagnement de la cliente : conseils cicatrisation, d\u00e9roulement du soin<\/li>\n<li>Restructuration et coloration des l\u00e8vres<\/li>\n<li>D\u00e9monstration de la technique sur un mod\u00e8le par la formatrice et l\u2019\u00e9l\u00e8ve &nbsp;(jour 1)<\/li>\n<li>Pratique de l\u2019\u00e9l\u00e8ve sur la modele (jour 2)<\/li>\n<li>Apprentissage de la machine dermographe et quel aiguilles ?<\/li>\n<li>les fournisseurs ?<\/li>\n<li>quel profondeur ?<\/li>\n<li>Apprentissage des mouvements sur peau synth\u00e9tique et des lignes de contour<\/li>\n<li>\u00c9valuation finale<\/li>\n<li>Remise d\u2019une attestation de r\u00e9ussite &nbsp; et du kit inclus dans le tarif (voir descriptif )<\/li>\n<\/ul>\n<p>&nbsp;<\/p>\n<\/div>\n<\/div>\n<\/div>\n<\/div>\n<\/div>\n<\/section>\n<section class=\"elementor-section elementor-top-section elementor-element elementor-element-1186301 elementor-section-boxed elementor-section-height-default elementor-section-height-default qodef-elementor-content-no\" data-id=\"1186301\" data-element_type=\"section\">\n<div class=\"elementor-container elementor-column-gap-default\">\n<div class=\"elementor-column elementor-col-50 elementor-top-column elementor-element elementor-element-fead198\" data-id=\"fead198\" data-element_type=\"column\">\n<div class=\"elementor-widget-wrap elementor-element-populated\">\n<div class=\"elementor-element elementor-element-07d4bc3 elementor-icon-list--layout-traditional elementor-list-item-link-full_width elementor-widget elementor-widget-icon-list\" data-id=\"07d4bc3\" data-element_type=\"widget\" data-widget_type=\"icon-list.default\">\n<div class=\"elementor-widget-container\">\n<div class=\"woocommerce-tabs wc-tabs-wrapper\">\n<div id=\"tab-description\" class=\"woocommerce-Tabs-panel woocommerce-Tabs-panel--description panel entry-content wc-tab\" role=\"tabpanel\" aria-labelledby=\"tab-title-description\">\n<p>*Produit contenant un \u00e9l\u00e9ment d\u00e9mat\u00e9rialis\u00e9 ne pouvant faire l\u2019objet ni d\u2019un remboursement ou ni d\u2019un \u00e9change<\/p>\n<\/div>\n<\/div>\n<\/div>\n<\/div>\n<\/div>\n<\/div>\n<\/div>\n<\/section>\n<p><\/strong><\/p>\n","protected":false},"excerpt":{"rendered":"<p>Le lip blush &nbsp;est une dermopigmentation des l\u00e8vres, c\u2019est un&nbsp;maquillage permanent dans lequel une machine et une cartouche d&rsquo;aiguilles sont utilis\u00e9es pour d\u00e9poser un pigment dans les l\u00e8vres afin de les colorer .le dark lips est une technique de neutralisation des l\u00e8vres fonc\u00e9es&nbsp; &nbsp; Programme : &nbsp; L\u00e9gislation de la dermopigmentation Morphologie des l\u00e8vres Mat\u00e9riel [&hellip;]<\/p>\n","protected":false},"featured_media":1305,"template":"","meta":{"site-sidebar-layout":"default","site-content-layout":"default","ast-site-content-layout":"default","site-content-style":"default","site-sidebar-style":"default","ast-global-header-display":"","ast-banner-title-visibility":"","ast-main-header-display":"","ast-hfb-above-header-display":"","ast-hfb-below-header-display":"","ast-hfb-mobile-header-display":"","site-post-title":"","ast-breadcrumbs-content":"","ast-featured-img":"","footer-sml-layout":"","theme-transparent-header-meta":"default","adv-header-id-meta":"","stick-header-meta":"","header-above-stick-meta":"","header-main-stick-meta":"","header-below-stick-meta":"","astra-migrate-meta-layouts":"set","ast-page-background-enabled":"default","ast-page-background-meta":{"desktop":{"background-color":"var(--ast-global-color-4)","background-image":"","background-repeat":"repeat","background-position":"center center","background-size":"auto","background-attachment":"scroll","background-type":"","background-media":"","overlay-type":"","overlay-color":"","overlay-opacity":"","overlay-gradient":""},"tablet":{"background-color":"","background-image":"","background-repeat":"repeat","background-position":"center center","background-size":"auto","background-attachment":"scroll","background-type":"","background-media":"","overlay-type":"","overlay-color":"","overlay-opacity":"","overlay-gradient":""},"mobile":{"background-color":"","background-image":"","background-repeat":"repeat","background-position":"center center","background-size":"auto","background-attachment":"scroll","background-type":"","background-media":"","overlay-type":"","overlay-color":"","overlay-opacity":"","overlay-gradient":""}},"ast-content-background-meta":{"desktop":{"background-color":"var(--ast-global-color-5)","background-image":"","background-repeat":"repeat","background-position":"center center","background-size":"auto","background-attachment":"scroll","background-type":"","background-media":"","overlay-type":"","overlay-color":"","overlay-opacity":"","overlay-gradient":""},"tablet":{"background-color":"var(--ast-global-color-5)","background-image":"","background-repeat":"repeat","background-position":"center center","background-size":"auto","background-attachment":"scroll","background-type":"","background-media":"","overlay-type":"","overlay-color":"","overlay-opacity":"","overlay-gradient":""},"mobile":{"background-color":"var(--ast-global-color-5)","background-image":"","background-repeat":"repeat","background-position":"center center","background-size":"auto","background-attachment":"scroll","background-type":"","background-media":"","overlay-type":"","overlay-color":"","overlay-opacity":"","overlay-gradient":""}}},"product_brand":[],"product_cat":[24],"product_tag":[],"class_list":{"0":"post-543","1":"product","2":"type-product","3":"status-publish","4":"has-post-thumbnail","6":"product_cat-formation","7":"desktop-align-left","8":"tablet-align-left","9":"mobile-align-left","11":"first","12":"instock","13":"taxable","14":"shipping-taxable","15":"purchasable","16":"product-type-simple"},"_links":{"self":[{"href":"https:\/\/www.reinedescils-k.fr\/index.php\/wp-json\/wp\/v2\/product\/543","targetHints":{"allow":["GET"]}}],"collection":[{"href":"https:\/\/www.reinedescils-k.fr\/index.php\/wp-json\/wp\/v2\/product"}],"about":[{"href":"https:\/\/www.reinedescils-k.fr\/index.php\/wp-json\/wp\/v2\/types\/product"}],"wp:featuredmedia":[{"embeddable":true,"href":"https:\/\/www.reinedescils-k.fr\/index.php\/wp-json\/wp\/v2\/media\/1305"}],"wp:attachment":[{"href":"https:\/\/www.reinedescils-k.fr\/index.php\/wp-json\/wp\/v2\/media?parent=543"}],"wp:term":[{"taxonomy":"product_brand","embeddable":true,"href":"https:\/\/www.reinedescils-k.fr\/index.php\/wp-json\/wp\/v2\/product_brand?post=543"},{"taxonomy":"product_cat","embeddable":true,"href":"https:\/\/www.reinedescils-k.fr\/index.php\/wp-json\/wp\/v2\/product_cat?post=543"},{"taxonomy":"product_tag","embeddable":true,"href":"https:\/\/www.reinedescils-k.fr\/index.php\/wp-json\/wp\/v2\/product_tag?post=543"}],"curies":[{"name":"wp","href":"https:\/\/api.w.org\/{rel}","templated":true}]}}