{"id":956,"date":"2022-04-08T20:42:23","date_gmt":"2022-04-08T18:42:23","guid":{"rendered":"https:\/\/www.reinedescils-k.fr\/?post_type=product&#038;p=956"},"modified":"2026-02-01T23:04:45","modified_gmt":"2026-02-01T22:04:45","slug":"5-formation-rehaussement-de-cils-et-teinture-a-distance","status":"publish","type":"product","link":"https:\/\/www.reinedescils-k.fr\/index.php\/produit\/5-formation-rehaussement-de-cils-et-teinture-a-distance\/","title":{"rendered":"Pack 4 en 1 brows lift teinture hybride avec structuration des sourcils + Lash lift classique + lash lift cor\u00e9en + kit inclus (\u00e0 distance)"},"content":{"rendered":"<p style=\"padding-left: 40px\"><strong>Le kit permet de r\u00e9aliser minimum vos 10 premi\u00e8res clientes ! <\/strong><\/p>\n<p><strong>effectuer votre formation \u00e0 distance depuis chez vous \u00e9conomisez les frais de d\u00e9placement et apprenez \u00e0 votre rythme !<\/strong><\/p>\n<p style=\"padding-left: 40px\"><span style=\"font-size: 16px\"><strong>le kit inclus sera envoy\u00e9 \u00e0 votre domicile ainsi que le cours th\u00e9orique complet en pdf &nbsp;et les vid\u00e9os explicatives d\u00e9taill\u00e9es de la prestation ainsi que de la teinture de cils afin de ma\u00eetriser cette pratique .<\/strong><\/span><\/p>\n<p><strong>&nbsp;<\/strong><\/p>\n<p><strong>M\u00e9thode d\u2019\u00e9valuation :<\/strong><\/p>\n<p><strong>questionnaire d\u2019\u00e9valuation&nbsp;et vos photos de deux mod\u00e8les avant apr\u00e8s &nbsp;permettrons d\u2019obtenir l\u2019attestation de formation.<\/strong><\/p>\n<p><strong>Comment obtenir mon attestation de formation?<\/strong><\/p>\n<p><strong>il faudra nous envoyer les photos avant apr\u00e8s de vos mod\u00e8les r\u00e9alis\u00e9es et nous retourner le quizz rempli \u00e0 l\u2019aide du cours .<\/strong><\/p>\n<p><strong>Une fois votre formation valid\u00e9e par notre formatrice, votre attestation de formation \u00e0 votre nom vous sera envoy\u00e9e par e-mail en format imprimable &nbsp;. Il vous suffira de l\u2019imprimer .<\/strong><\/p>\n<p><strong>comment s\u2019effectue le suivi?<br \/>\n<\/strong><span style=\"font-size: 16px\"><b>Directement sur Watsapp vous poser vos questions en direct \u00e0 votre formatrice&nbsp;<\/b><\/span><\/p>\n<p><span style=\"font-size: 16px\"><strong>A noter : Produit contenant un \u00e9l\u00e9ment d\u00e9mat\u00e9rialis\u00e9 ne pouvant faire l\u2019objet ni d\u2019un remboursement ou ni d\u2019un \u00e9change car c\u2019est un produit virtuel&nbsp;<\/strong><\/span><\/p>\n<h3><strong>Quelle sont les dates de la formation ?&nbsp;<\/strong><\/h3>\n<p><strong>La formation est enti\u00e8rement \u00e0 distance , &nbsp;Vous pouvez prendre tout le temps dont vous avez besoin.<br \/>\nL\u2019un des grands avantages de notre formation en ligne est que vous pouvez organiser votre emploi du temps en toute libert\u00e9. Apprenez quand et o\u00f9 vous voulez. Depuis votre domicile, sur votre ordinateur, votre tablette ou votre t\u00e9l\u00e9phone portable.<br \/>\nVous contr\u00f4lez le moment o\u00f9 vous commencez la formation et celui o\u00f9 vous obtenez votre attestation !<\/strong><\/p>\n<h3><strong>Pendant combien de temps ai-je acc\u00e8s \u00e0 la formation ?<\/strong><\/h3>\n<p><strong>&nbsp;<\/strong><\/p>\n<p><strong>Vous avez acc\u00e8s \u00e0 cette formation 6 mois . <\/strong><\/p>\n<p><strong>Vous pourrez toujours poser des questions via Watsapp.<br \/>\nd\u00e8s que vous avez une question et sans limite de temps votre formatrice reste disponible pour vous r\u00e9pondre.<\/strong><\/p>\n<h3><strong>Avertissement <\/strong>\u26a0\ufe0f<\/h3>\n<p><strong>&nbsp;<\/strong><\/p>\n<p><strong>Appliquez sur vos cils. Tenir hors de la port\u00e9e des enfants. Ne pas ing\u00e9rer ou mettre dans les yeux. Ne pas utiliser sur les enfants. \u00c9vitez tout contact avec les yeux. Rincez imm\u00e9diatement les yeux si le produit entre en contact avec eux. Portez des gants appropri\u00e9s. Pour un usage professionnel seulement. Contient du thioglycolate. <\/strong><\/p>\n<p><strong>Suivez les instructions et le temps de pause scrupuleusement .<\/strong><\/p>\n<p><strong>Tout produit de rehaussement de cils avant d&rsquo;\u00eatre utilis\u00e9, par s\u00e9curit\u00e9 doit faire office d&rsquo;un test allergique.<\/strong><\/p>\n<p><strong>Toute reproduction, distribution, ou utilisation des contenus de formation sans autorisation est strictement interdite.<\/strong><\/p>\n","protected":false},"excerpt":{"rendered":"<p>Le kit permet de r\u00e9aliser minimum vos 10 premi\u00e8res clientes ! effectuer votre formation \u00e0 distance depuis chez vous \u00e9conomisez les frais de d\u00e9placement et apprenez \u00e0 votre rythme ! le kit inclus sera envoy\u00e9 \u00e0 votre domicile ainsi que le cours th\u00e9orique complet en pdf &nbsp;et les vid\u00e9os explicatives d\u00e9taill\u00e9es de la prestation ainsi [&hellip;]<\/p>\n","protected":false},"featured_media":2873,"template":"","meta":{"site-sidebar-layout":"default","site-content-layout":"default","ast-site-content-layout":"default","site-content-style":"default","site-sidebar-style":"default","ast-global-header-display":"","ast-banner-title-visibility":"","ast-main-header-display":"","ast-hfb-above-header-display":"","ast-hfb-below-header-display":"","ast-hfb-mobile-header-display":"","site-post-title":"","ast-breadcrumbs-content":"","ast-featured-img":"","footer-sml-layout":"","theme-transparent-header-meta":"default","adv-header-id-meta":"","stick-header-meta":"","header-above-stick-meta":"","header-main-stick-meta":"","header-below-stick-meta":"","astra-migrate-meta-layouts":"set","ast-page-background-enabled":"default","ast-page-background-meta":{"desktop":{"background-color":"var(--ast-global-color-4)","background-image":"","background-repeat":"repeat","background-position":"center center","background-size":"auto","background-attachment":"scroll","background-type":"","background-media":"","overlay-type":"","overlay-color":"","overlay-opacity":"","overlay-gradient":""},"tablet":{"background-color":"","background-image":"","background-repeat":"repeat","background-position":"center center","background-size":"auto","background-attachment":"scroll","background-type":"","background-media":"","overlay-type":"","overlay-color":"","overlay-opacity":"","overlay-gradient":""},"mobile":{"background-color":"","background-image":"","background-repeat":"repeat","background-position":"center center","background-size":"auto","background-attachment":"scroll","background-type":"","background-media":"","overlay-type":"","overlay-color":"","overlay-opacity":"","overlay-gradient":""}},"ast-content-background-meta":{"desktop":{"background-color":"var(--ast-global-color-5)","background-image":"","background-repeat":"repeat","background-position":"center center","background-size":"auto","background-attachment":"scroll","background-type":"","background-media":"","overlay-type":"","overlay-color":"","overlay-opacity":"","overlay-gradient":""},"tablet":{"background-color":"var(--ast-global-color-5)","background-image":"","background-repeat":"repeat","background-position":"center center","background-size":"auto","background-attachment":"scroll","background-type":"","background-media":"","overlay-type":"","overlay-color":"","overlay-opacity":"","overlay-gradient":""},"mobile":{"background-color":"var(--ast-global-color-5)","background-image":"","background-repeat":"repeat","background-position":"center center","background-size":"auto","background-attachment":"scroll","background-type":"","background-media":"","overlay-type":"","overlay-color":"","overlay-opacity":"","overlay-gradient":""}}},"product_brand":[],"product_cat":[26],"product_tag":[],"class_list":{"0":"post-956","1":"product","2":"type-product","3":"status-publish","4":"has-post-thumbnail","6":"product_cat-formation-a-distance","7":"desktop-align-left","8":"tablet-align-left","9":"mobile-align-left","11":"first","12":"instock","13":"taxable","14":"shipping-taxable","15":"purchasable","16":"product-type-simple"},"_links":{"self":[{"href":"https:\/\/www.reinedescils-k.fr\/index.php\/wp-json\/wp\/v2\/product\/956","targetHints":{"allow":["GET"]}}],"collection":[{"href":"https:\/\/www.reinedescils-k.fr\/index.php\/wp-json\/wp\/v2\/product"}],"about":[{"href":"https:\/\/www.reinedescils-k.fr\/index.php\/wp-json\/wp\/v2\/types\/product"}],"wp:featuredmedia":[{"embeddable":true,"href":"https:\/\/www.reinedescils-k.fr\/index.php\/wp-json\/wp\/v2\/media\/2873"}],"wp:attachment":[{"href":"https:\/\/www.reinedescils-k.fr\/index.php\/wp-json\/wp\/v2\/media?parent=956"}],"wp:term":[{"taxonomy":"product_brand","embeddable":true,"href":"https:\/\/www.reinedescils-k.fr\/index.php\/wp-json\/wp\/v2\/product_brand?post=956"},{"taxonomy":"product_cat","embeddable":true,"href":"https:\/\/www.reinedescils-k.fr\/index.php\/wp-json\/wp\/v2\/product_cat?post=956"},{"taxonomy":"product_tag","embeddable":true,"href":"https:\/\/www.reinedescils-k.fr\/index.php\/wp-json\/wp\/v2\/product_tag?post=956"}],"curies":[{"name":"wp","href":"https:\/\/api.w.org\/{rel}","templated":true}]}}