{"id":982,"date":"2022-04-08T23:45:49","date_gmt":"2022-04-08T21:45:49","guid":{"rendered":"https:\/\/www.reinedescils-k.fr\/?post_type=product&#038;p=982"},"modified":"2026-02-19T01:35:26","modified_gmt":"2026-02-19T00:35:26","slug":"formation-taches-de-rousseur-kit-inclus-a-distance","status":"publish","type":"product","link":"https:\/\/www.reinedescils-k.fr\/index.php\/produit\/formation-taches-de-rousseur-kit-inclus-a-distance\/","title":{"rendered":"Programme taches de rousseur + kit inclus  (\u00e0 distance)"},"content":{"rendered":"<p><strong><\/strong><\/p>\n<p><strong>Apprends \u00e0 cr\u00e9er un effet bonne mine ultra-naturel\u2026 qui fait fondre Instagram !<\/strong><\/p>\n<p><strong><\/strong><\/p>\n<p><strong><\/strong><\/p>\n<p><strong>Tu r\u00eaves d\u2019offrir \u00e0 tes clientes ce glow solaire et frais sans filtre ?<\/strong><\/p>\n<p><strong>Avec cette formation 100% en ligne, tu vas ma\u00eetriser la technique des fausses taches de rousseur semi-permanentes \u2013 une tendance qui cartonne et qui fait toute la diff\u00e9rence sur un visage.<\/strong><\/p>\n<p><strong><\/strong><\/p>\n<p>\u2728<strong> Ce que tu vas apprendre :<\/strong><\/p>\n<p><strong>Cette m\u00e9thode consiste \u00e0 d\u00e9poser un pigment en surface de la peau, sur le nez et les pommettes, pour un effet ensoleill\u00e9, naturel et l\u00e9ger\u2026 qui dure jusqu\u2019\u00e0 2 ans et plus !<\/strong><\/p>\n<p>\ud83d\udca1<strong> Gr\u00e2ce \u00e0 ma technique exclusive, le rendu est subtil, progressif et totalement r\u00e9aliste. Tes mod\u00e8les ne pourront plus s\u2019en passer.<\/strong><\/p>\n<p><strong><\/strong><\/p>\n<p>\ud83e\udde0<strong> Tu recevras :<\/strong><\/p>\n<p>\u2714\ufe0f<strong> Un cours th\u00e9orique complet en format PDF : hygi\u00e8ne, mat\u00e9riel, colorim\u00e9trie, gestuelle, conseils avant\/apr\u00e8s<\/strong><\/p>\n<p>\u2714\ufe0f<strong> Des vid\u00e9os explicatives d\u00e9taill\u00e9es sur mod\u00e8le de la prestation : chaque \u00e9tape de la proc\u00e9dure film\u00e9e pas \u00e0 pas<\/strong><\/p>\n<p>\u2714\ufe0f<strong> Un suivi personnalis\u00e9 avec ta formatrice via WhatsApp : pose toutes tes questions, je te guide personnellement<\/strong><\/p>\n<p><strong><\/strong><\/p>\n<p>\ud83d\udccc<strong> Pour qui ?<\/strong><\/p>\n<p><strong>Cette formation s\u2019adresse \u00e0 toute personnes d\u00e9j\u00e0 titulaires de la formation Hygi\u00e8ne &amp; Salubrit\u00e9, souhaitant ajouter une prestation tendance, rapide et rentable \u00e0 leur carte.<\/strong><\/p>\n<p><strong><\/strong><\/p>\n<p>\ud83c\udfc6<strong> Certification incluse apr\u00e8s validation :<\/strong><\/p>\n<p><strong>Tu recevras une attestation de r\u00e9ussite apr\u00e8s validation d\u2019un quizz + envoi de tes 2 photos de ton travail sur mod\u00e8les.<\/strong><\/p>\n<p><strong>Pour toutes tes questions on \u00e9change ensemble sur watsapp <\/strong>\u2728<\/p>\n<p><strong><\/strong><\/p>\n<p><strong><\/strong><\/p>\n<p><strong><\/strong><\/p>\n<p><strong><\/strong><\/p>\n<p><strong><\/strong><\/p>\n","protected":false},"excerpt":{"rendered":"<p>Apprends \u00e0 cr\u00e9er un effet bonne mine ultra-naturel\u2026 qui fait fondre Instagram ! Tu r\u00eaves d\u2019offrir \u00e0 tes clientes ce glow solaire et frais sans filtre ? Avec cette formation 100% en ligne, tu vas ma\u00eetriser la technique des fausses taches de rousseur semi-permanentes \u2013 une tendance qui cartonne et qui fait toute la diff\u00e9rence [&hellip;]<\/p>\n","protected":false},"featured_media":2483,"template":"","meta":{"site-sidebar-layout":"default","site-content-layout":"default","ast-site-content-layout":"default","site-content-style":"default","site-sidebar-style":"default","ast-global-header-display":"","ast-banner-title-visibility":"","ast-main-header-display":"","ast-hfb-above-header-display":"","ast-hfb-below-header-display":"","ast-hfb-mobile-header-display":"","site-post-title":"","ast-breadcrumbs-content":"","ast-featured-img":"","footer-sml-layout":"","theme-transparent-header-meta":"default","adv-header-id-meta":"","stick-header-meta":"","header-above-stick-meta":"","header-main-stick-meta":"","header-below-stick-meta":"","astra-migrate-meta-layouts":"set","ast-page-background-enabled":"default","ast-page-background-meta":{"desktop":{"background-color":"var(--ast-global-color-4)","background-image":"","background-repeat":"repeat","background-position":"center center","background-size":"auto","background-attachment":"scroll","background-type":"","background-media":"","overlay-type":"","overlay-color":"","overlay-opacity":"","overlay-gradient":""},"tablet":{"background-color":"","background-image":"","background-repeat":"repeat","background-position":"center center","background-size":"auto","background-attachment":"scroll","background-type":"","background-media":"","overlay-type":"","overlay-color":"","overlay-opacity":"","overlay-gradient":""},"mobile":{"background-color":"","background-image":"","background-repeat":"repeat","background-position":"center center","background-size":"auto","background-attachment":"scroll","background-type":"","background-media":"","overlay-type":"","overlay-color":"","overlay-opacity":"","overlay-gradient":""}},"ast-content-background-meta":{"desktop":{"background-color":"var(--ast-global-color-5)","background-image":"","background-repeat":"repeat","background-position":"center center","background-size":"auto","background-attachment":"scroll","background-type":"","background-media":"","overlay-type":"","overlay-color":"","overlay-opacity":"","overlay-gradient":""},"tablet":{"background-color":"var(--ast-global-color-5)","background-image":"","background-repeat":"repeat","background-position":"center center","background-size":"auto","background-attachment":"scroll","background-type":"","background-media":"","overlay-type":"","overlay-color":"","overlay-opacity":"","overlay-gradient":""},"mobile":{"background-color":"var(--ast-global-color-5)","background-image":"","background-repeat":"repeat","background-position":"center center","background-size":"auto","background-attachment":"scroll","background-type":"","background-media":"","overlay-type":"","overlay-color":"","overlay-opacity":"","overlay-gradient":""}}},"product_brand":[],"product_cat":[26],"product_tag":[],"class_list":{"0":"post-982","1":"product","2":"type-product","3":"status-publish","4":"has-post-thumbnail","6":"product_cat-formation-a-distance","7":"desktop-align-left","8":"tablet-align-left","9":"mobile-align-left","11":"first","12":"outofstock","13":"sale","14":"virtual","15":"taxable","16":"purchasable","17":"product-type-simple"},"_links":{"self":[{"href":"https:\/\/www.reinedescils-k.fr\/index.php\/wp-json\/wp\/v2\/product\/982","targetHints":{"allow":["GET"]}}],"collection":[{"href":"https:\/\/www.reinedescils-k.fr\/index.php\/wp-json\/wp\/v2\/product"}],"about":[{"href":"https:\/\/www.reinedescils-k.fr\/index.php\/wp-json\/wp\/v2\/types\/product"}],"wp:featuredmedia":[{"embeddable":true,"href":"https:\/\/www.reinedescils-k.fr\/index.php\/wp-json\/wp\/v2\/media\/2483"}],"wp:attachment":[{"href":"https:\/\/www.reinedescils-k.fr\/index.php\/wp-json\/wp\/v2\/media?parent=982"}],"wp:term":[{"taxonomy":"product_brand","embeddable":true,"href":"https:\/\/www.reinedescils-k.fr\/index.php\/wp-json\/wp\/v2\/product_brand?post=982"},{"taxonomy":"product_cat","embeddable":true,"href":"https:\/\/www.reinedescils-k.fr\/index.php\/wp-json\/wp\/v2\/product_cat?post=982"},{"taxonomy":"product_tag","embeddable":true,"href":"https:\/\/www.reinedescils-k.fr\/index.php\/wp-json\/wp\/v2\/product_tag?post=982"}],"curies":[{"name":"wp","href":"https:\/\/api.w.org\/{rel}","templated":true}]}}