{"id":995,"date":"2022-04-09T10:26:58","date_gmt":"2022-04-09T08:26:58","guid":{"rendered":"https:\/\/www.reinedescils-k.fr\/?post_type=product&#038;p=995"},"modified":"2025-12-23T22:03:22","modified_gmt":"2025-12-23T21:03:22","slug":"formation-microblading-et-shading-kit-inclus-3-jours","status":"publish","type":"product","link":"https:\/\/www.reinedescils-k.fr\/index.php\/produit\/formation-microblading-et-shading-kit-inclus-3-jours\/","title":{"rendered":"Pack Brows Artist 3 en 1 microblading | ombr\u00e9 powder | combo (2 jours)"},"content":{"rendered":"<p><strong>Contactez-nous via message sur Instagram pour r\u00e9server une date.<\/strong><\/p>\n<p>&nbsp;<\/p>\n<p><strong>Formation individuelle:<\/strong><\/p>\n<p>&nbsp;<\/p>\n<p><strong>Chaque session accueille un seul \u00e9l\u00e8ve afin de garantir une excellente qualit\u00e9 d\u2019apprentissage.<\/strong><\/p>\n<p>&nbsp;<\/p>\n<p><strong>Contenu de la formation :<\/strong><\/p>\n<p>&nbsp;<\/p>\n<p><strong>\u2022 Formation pour d\u00e9butantes :<\/strong><\/p>\n<p><strong>D\u00e9couverte des trois techniques \u2013 microblading, shading et combo \u00ab\u00a0microshading\u00a0\u00bb \u2013 \u00e9tal\u00e9e sur 2 jours, avec kit inclus.<\/strong><\/p>\n<p>&nbsp;<\/p>\n<p><strong>OU Formation de perfectionnement :<\/strong><\/p>\n<p><strong>Une session d\u2019une journ\u00e9e r\u00e9serv\u00e9e aux personnes ayant d\u00e9j\u00e0 suivi une formation initiale en maquillage permanent (le perfectionnement ne comprend pas de kit).<\/strong><\/p>\n<p>&nbsp;<\/p>\n<p><strong>Modalit\u00e9s compl\u00e9mentaires :<\/strong><\/p>\n<p>&nbsp;<\/p>\n<p><strong>\u2022 Une attestation de r\u00e9ussite vous sera remise en fin de session.<\/strong><\/p>\n<p><strong>\u2022 Vous aurez l\u2019opportunit\u00e9 de travailler sur un mod\u00e8le diff\u00e9rent chaque jour de formation.<\/strong><\/p>\n<p><strong>\u2022 Un suivi post-formation est assur\u00e9 sans limite de temps via watsapp <\/strong><\/p>\n<p>&nbsp;<\/p>\n<p><strong>Organisation:<\/strong><\/p>\n<p>&nbsp;<\/p>\n<p><strong>Nous vous demandons de trouver vous-m\u00eame un mod\u00e8le pour cette formation. Si cela vous est impossible, merci de nous en informer d\u00e8s votre inscription.<\/strong><\/p>\n<p>&nbsp;<\/p>\n<p><strong>Mentions l\u00e9gales et conditions particuli\u00e8res:<\/strong><\/p>\n<p>&nbsp;<\/p>\n<p><strong>\u2022 Cette formation, incluant des \u00e9l\u00e9ments d\u00e9mat\u00e9rialis\u00e9s, ne peut faire l\u2019objet ni d\u2019un remboursement ni d\u2019un \u00e9change, conform\u00e9ment aux dispositions l\u00e9gales en vigueur.<\/strong><\/p>\n<p><strong>\u2022 La participation \u00e0 cette formation implique l\u2019acceptation des conditions g\u00e9n\u00e9rales de vente de notre site.<\/strong><\/p>\n","protected":false},"excerpt":{"rendered":"<p>Contactez-nous via message sur Instagram pour r\u00e9server une date. &nbsp; Formation individuelle: &nbsp; Chaque session accueille un seul \u00e9l\u00e8ve afin de garantir une excellente qualit\u00e9 d\u2019apprentissage. &nbsp; Contenu de la formation : &nbsp; \u2022 Formation pour d\u00e9butantes : D\u00e9couverte des trois techniques \u2013 microblading, shading et combo \u00ab\u00a0microshading\u00a0\u00bb \u2013 \u00e9tal\u00e9e sur 2 jours, avec kit [&hellip;]<\/p>\n","protected":false},"featured_media":2461,"template":"","meta":{"site-sidebar-layout":"default","site-content-layout":"default","ast-site-content-layout":"default","site-content-style":"default","site-sidebar-style":"default","ast-global-header-display":"","ast-banner-title-visibility":"","ast-main-header-display":"","ast-hfb-above-header-display":"","ast-hfb-below-header-display":"","ast-hfb-mobile-header-display":"","site-post-title":"","ast-breadcrumbs-content":"","ast-featured-img":"","footer-sml-layout":"","theme-transparent-header-meta":"default","adv-header-id-meta":"","stick-header-meta":"","header-above-stick-meta":"","header-main-stick-meta":"","header-below-stick-meta":"","astra-migrate-meta-layouts":"set","ast-page-background-enabled":"default","ast-page-background-meta":{"desktop":{"background-color":"var(--ast-global-color-4)","background-image":"","background-repeat":"repeat","background-position":"center center","background-size":"auto","background-attachment":"scroll","background-type":"","background-media":"","overlay-type":"","overlay-color":"","overlay-opacity":"","overlay-gradient":""},"tablet":{"background-color":"","background-image":"","background-repeat":"repeat","background-position":"center center","background-size":"auto","background-attachment":"scroll","background-type":"","background-media":"","overlay-type":"","overlay-color":"","overlay-opacity":"","overlay-gradient":""},"mobile":{"background-color":"","background-image":"","background-repeat":"repeat","background-position":"center center","background-size":"auto","background-attachment":"scroll","background-type":"","background-media":"","overlay-type":"","overlay-color":"","overlay-opacity":"","overlay-gradient":""}},"ast-content-background-meta":{"desktop":{"background-color":"var(--ast-global-color-5)","background-image":"","background-repeat":"repeat","background-position":"center center","background-size":"auto","background-attachment":"scroll","background-type":"","background-media":"","overlay-type":"","overlay-color":"","overlay-opacity":"","overlay-gradient":""},"tablet":{"background-color":"var(--ast-global-color-5)","background-image":"","background-repeat":"repeat","background-position":"center center","background-size":"auto","background-attachment":"scroll","background-type":"","background-media":"","overlay-type":"","overlay-color":"","overlay-opacity":"","overlay-gradient":""},"mobile":{"background-color":"var(--ast-global-color-5)","background-image":"","background-repeat":"repeat","background-position":"center center","background-size":"auto","background-attachment":"scroll","background-type":"","background-media":"","overlay-type":"","overlay-color":"","overlay-opacity":"","overlay-gradient":""}}},"product_brand":[],"product_cat":[24],"product_tag":[],"class_list":{"0":"post-995","1":"product","2":"type-product","3":"status-publish","4":"has-post-thumbnail","6":"product_cat-formation","7":"desktop-align-left","8":"tablet-align-left","9":"mobile-align-left","11":"first","12":"instock","13":"taxable","14":"shipping-taxable","15":"purchasable","16":"product-type-simple"},"_links":{"self":[{"href":"https:\/\/www.reinedescils-k.fr\/index.php\/wp-json\/wp\/v2\/product\/995","targetHints":{"allow":["GET"]}}],"collection":[{"href":"https:\/\/www.reinedescils-k.fr\/index.php\/wp-json\/wp\/v2\/product"}],"about":[{"href":"https:\/\/www.reinedescils-k.fr\/index.php\/wp-json\/wp\/v2\/types\/product"}],"wp:featuredmedia":[{"embeddable":true,"href":"https:\/\/www.reinedescils-k.fr\/index.php\/wp-json\/wp\/v2\/media\/2461"}],"wp:attachment":[{"href":"https:\/\/www.reinedescils-k.fr\/index.php\/wp-json\/wp\/v2\/media?parent=995"}],"wp:term":[{"taxonomy":"product_brand","embeddable":true,"href":"https:\/\/www.reinedescils-k.fr\/index.php\/wp-json\/wp\/v2\/product_brand?post=995"},{"taxonomy":"product_cat","embeddable":true,"href":"https:\/\/www.reinedescils-k.fr\/index.php\/wp-json\/wp\/v2\/product_cat?post=995"},{"taxonomy":"product_tag","embeddable":true,"href":"https:\/\/www.reinedescils-k.fr\/index.php\/wp-json\/wp\/v2\/product_tag?post=995"}],"curies":[{"name":"wp","href":"https:\/\/api.w.org\/{rel}","templated":true}]}}